{"id":565,"date":"2023-01-26T16:46:20","date_gmt":"2023-01-26T16:46:20","guid":{"rendered":"https:\/\/cedis.org.es\/curso\/?page_id=565"},"modified":"2023-02-01T08:32:44","modified_gmt":"2023-02-01T08:32:44","slug":"abelardo-de-armas","status":"publish","type":"page","link":"https:\/\/cedis.org.es\/curso\/testigos-home\/abelardo-de-armas\/","title":{"rendered":"Abelardo de Armas"},"content":{"rendered":"<p>[et_pb_section fb_built=\u00bb1&#8243; _builder_version=\u00bb4.19.5&#8243; _module_preset=\u00bbdefault\u00bb background_image=\u00bbhttp:\/\/cedis.org.es\/curso\/wp-content\/uploads\/2020\/12\/sparkler-677774_1920.jpg\u00bb background_position=\u00bbtop_center\u00bb custom_padding=\u00bb100px||100px||true|false\u00bb global_colors_info=\u00bb{}\u00bb][et_pb_row _builder_version=\u00bb4.19.5&#8243; _module_preset=\u00bbdefault\u00bb global_colors_info=\u00bb{}\u00bb][et_pb_column type=\u00bb4_4&#8243; _builder_version=\u00bb4.19.5&#8243; _module_preset=\u00bbdefault\u00bb global_colors_info=\u00bb{}\u00bb][et_pb_text _builder_version=\u00bb4.19.5&#8243; _module_preset=\u00bbdefault\u00bb header_font=\u00bb|800|||||||\u00bb header_text_color=\u00bb#FFFFFF\u00bb header_font_size=\u00bb50px\u00bb global_colors_info=\u00bb{}\u00bb]<\/p>\n<h1>Abelardo de Armas<\/h1>\n<p>[\/et_pb_text][\/et_pb_column][\/et_pb_row][\/et_pb_section][et_pb_section fb_built=\u00bb1&#8243; _builder_version=\u00bb4.19.5&#8243; _module_preset=\u00bbdefault\u00bb global_colors_info=\u00bb{}\u00bb][et_pb_row column_structure=\u00bb1_2,1_2&#8243; _builder_version=\u00bb4.19.5&#8243; _module_preset=\u00bbdefault\u00bb global_colors_info=\u00bb{}\u00bb][et_pb_column type=\u00bb1_2&#8243; _builder_version=\u00bb4.19.5&#8243; _module_preset=\u00bbdefault\u00bb global_colors_info=\u00bb{}\u00bb][et_pb_video src=\u00bbhttps:\/\/www.youtube.com\/watch?v=K4iBOPOokyk\u00bb _builder_version=\u00bb4.19.5&#8243; _module_preset=\u00bbdefault\u00bb hover_enabled=\u00bb0&#8243; sticky_enabled=\u00bb0&#8243;][\/et_pb_video][et_pb_image src=\u00bbhttp:\/\/cedis.org.es\/curso\/wp-content\/uploads\/2023\/01\/abelardo.jpg\u00bb title_text=\u00bbabelardo\u00bb _builder_version=\u00bb4.19.5&#8243; _module_preset=\u00bbdefault\u00bb global_colors_info=\u00bb{}\u00bb][\/et_pb_image][\/et_pb_column][et_pb_column type=\u00bb1_2&#8243; _builder_version=\u00bb4.19.5&#8243; _module_preset=\u00bbdefault\u00bb global_colors_info=\u00bb{}\u00bb][et_pb_text _builder_version=\u00bb4.19.5&#8243; _module_preset=\u00bbdefault\u00bb global_colors_info=\u00bb{}\u00bb]<\/p>\n<p>Abelardo de Armas nace en Madrid en 1930. Pierde a su padre a la edad de siete a\u00f1os. Su madre, viuda con cuatro hijos peque\u00f1os, tiene que hacer maravillas para poder sacar a la familia adelante. Las dificultades de la posguerra civil espa\u00f1ola obligan a Abelardo a enfrentarse con la vida en plena adolescencia, haci\u00e9ndole madurar prematuramente.<\/p>\n<p>A los 20 a\u00f1os se encuentra con Dios en unos Ejercicios Espirituales organizados por el Hogar del Empleado, y dirigidos por el P. Tom\u00e1s Morales S.J., gracias a la invitaci\u00f3n que le hiciera un compa\u00f1ero de trabajo. Desde ese momento se entrecruzan las vidas del P. Morales y de Abelardo. Este llegar\u00e1 a ser confidente, colaborador, cofundador y primer Director General de los Cruzados de Santa Mar\u00eda, el Instituto Secular nacido en el seno del Hogar del Empleado.<\/p>\n<p>Desde su conversi\u00f3n, la vida de Abelardo experiment\u00f3 un giro copernicano: campamentos de formaci\u00f3n juvenil, conferencias a muchachos, clases de orientaci\u00f3n moral y profesional a los oficinistas (auxiliares de oficina y botones) en las entidades bancarias. Ha dirigido m\u00e1s de un centenar de tandas de Ejercicios Espirituales ignacianos, para j\u00f3venes, universitarios y profesionales, as\u00ed como alocuciones en las solemnes Vigilias de la Inmaculada.<\/p>\n<p>El 17 de febrero de 1981, en Duruelo, enclave del primer convento de los carmelitas reformados, recibe una gracia que ser\u00e1 clave para \u00e9l y para la Cruzada. Muchas veces la ha narrado: \u201cLa gracia que yo he recibido es que veo mis manos totalmente vac\u00edas. No tengo ning\u00fan acto de virtud. S\u00e9 que nada de lo bueno que hago es m\u00edo. Y no solo no tengo actos de virtud, es que no los quiero. No quiero tener virtudes. Quiero que mi \u00fanica virtud sea la confianza que nace de la virtud de \u00c9l. A partir de ese momento la gracia mayor para m\u00ed ha sido quedar inasequible al desaliento. Por mucha miseria que contemple en m\u00ed, esa s\u00ed que es m\u00eda\u201d.<\/p>\n<p>A partir de entonces va a dedicar ya toda su vida a propagar esta idea: las manos vac\u00edas,<span>\u00a0<\/span><i>subir bajando<\/i>, peque\u00f1ez y grandeza, el ascensor divino\u2026 Se trata de la gracia central de su vida. Gracia que ir\u00e1 cimentando y complementando con las lecturas en profundidad de las obras de S. Juan de \u00c1vila y de Sta. Teresa del Ni\u00f1o Jes\u00fas.<\/p>\n<p>La muerte del P. Morales en 1994, quien ha sido en todo momento su director espiritual as\u00ed como su confidente y baluarte, supone un duro golpe en la psicolog\u00eda de Abelardo. En 1997 presenta su dimisi\u00f3n como Director de los cruzados por motivos de salud, y desde entonces percibe de forma creciente su p\u00e9rdida de memoria, ese rasgo en el que siempre ha sobresalido. Es consciente de que en su vida se est\u00e1n operando cambios importantes, y acepta sus limitaciones. Hace vida su m\u00edstica de las miserias y su espiritualidad de las manos vac\u00edas. En una palabra, se ha convertido en un contemplativo en medio de los hombres.<\/p>\n<p>Se ha grabado su conversi\u00f3n en un audio titulado<span>\u00a0<\/span><em>Un seglar descubre la oraci\u00f3n<\/em>, donde personalmente narra el proceso de cambio, de lo mundano a lo divino. Sus charlas han sido recogidas en libros, tales como:<span>\u00a0<\/span><em><a href=\"https:\/\/www.cruzadosdesantamaria.es\/rocas-en-el-oleaje\/\">Rocas en el Oleaje<\/a><\/em>,<span>\u00a0<\/span><em><a href=\"https:\/\/www.cruzadosdesantamaria.es\/luces-en-la-noche\/\">Luces en la Noche<\/a><\/em>\u00a0y<span>\u00a0<\/span><em><a href=\"https:\/\/www.cruzadosdesantamaria.es\/agua-viva\/\">Agua viva<\/a><\/em>. Las canciones cantadas y compuestas por \u00e9l, han sido grabadas y editadas profesionalmente en los \u00faltimos a\u00f1os. Sus t\u00edtulos:<span>\u00a0<\/span><em>Manos de Dios<\/em>,<span>\u00a0<\/span><em>Hijo del hombre<\/em>\u00a0y<span>\u00a0<\/span><em>Flor escondida<\/em>.<\/p>\n<p><strong>* * *<\/strong><\/p>\n<p>El 22 de noviembre, a las 18 horas, a los 89 a\u00f1os de edad,\u00a0<a href=\"https:\/\/www.cruzadosdesantamaria.es\/cruzados-de-santa-maria\/abelardo-de-armas-co-fundador\/facetas-de-abelardo\/\" rel=\"noopener noreferrer\" data-saferedirecturl=\"https:\/\/www.google.com\/url?q=https:\/\/www.cruzadosdesantamaria.es\/cruzados-de-santa-maria\/abelardo-de-armas-co-fundador\/facetas-de-abelardo\/&amp;source=gmail&amp;ust=1595496463743000&amp;usg=AFQjCNHXlA1zCB5w_Vvt6MrQy6x_FW9TNQ\">Abelardo de Armas<\/a>\u00a0part\u00eda al encuentro con el Padre. Una insuficiencia pulmonar complic\u00f3 su ya debilitada existencia.<\/p>\n<p>[\/et_pb_text][\/et_pb_column][\/et_pb_row][\/et_pb_section]<\/p>\n","protected":false},"excerpt":{"rendered":"<p>Abelardo de ArmasAbelardo de Armas nace en Madrid en 1930. Pierde a su padre a la edad de siete a\u00f1os. Su madre, viuda con cuatro hijos peque\u00f1os, tiene que hacer maravillas para poder sacar a la familia adelante. Las dificultades de la posguerra civil espa\u00f1ola obligan a Abelardo a enfrentarse con la vida en plena [&hellip;]<\/p>\n","protected":false},"author":1,"featured_media":0,"parent":519,"menu_order":0,"comment_status":"closed","ping_status":"closed","template":"","meta":{"_et_pb_use_builder":"on","_et_pb_old_content":"<!-- wp:divi\/placeholder \/-->","_et_gb_content_width":""},"_links":{"self":[{"href":"https:\/\/cedis.org.es\/curso\/wp-json\/wp\/v2\/pages\/565"}],"collection":[{"href":"https:\/\/cedis.org.es\/curso\/wp-json\/wp\/v2\/pages"}],"about":[{"href":"https:\/\/cedis.org.es\/curso\/wp-json\/wp\/v2\/types\/page"}],"author":[{"embeddable":true,"href":"https:\/\/cedis.org.es\/curso\/wp-json\/wp\/v2\/users\/1"}],"replies":[{"embeddable":true,"href":"https:\/\/cedis.org.es\/curso\/wp-json\/wp\/v2\/comments?post=565"}],"version-history":[{"count":8,"href":"https:\/\/cedis.org.es\/curso\/wp-json\/wp\/v2\/pages\/565\/revisions"}],"predecessor-version":[{"id":699,"href":"https:\/\/cedis.org.es\/curso\/wp-json\/wp\/v2\/pages\/565\/revisions\/699"}],"up":[{"embeddable":true,"href":"https:\/\/cedis.org.es\/curso\/wp-json\/wp\/v2\/pages\/519"}],"wp:attachment":[{"href":"https:\/\/cedis.org.es\/curso\/wp-json\/wp\/v2\/media?parent=565"}],"curies":[{"name":"wp","href":"https:\/\/api.w.org\/{rel}","templated":true}]}}