{"id":563,"date":"2023-01-26T16:46:09","date_gmt":"2023-01-26T16:46:09","guid":{"rendered":"https:\/\/cedis.org.es\/curso\/?page_id=563"},"modified":"2023-02-01T08:32:02","modified_gmt":"2023-02-01T08:32:02","slug":"venerable-ascension-sanchez","status":"publish","type":"page","link":"https:\/\/cedis.org.es\/curso\/testigos-home\/venerable-ascension-sanchez\/","title":{"rendered":"Sierva de Dios Ascensi\u00f3n S\u00e1nchez"},"content":{"rendered":"<p>[et_pb_section fb_built=\u00bb1&#8243; _builder_version=\u00bb4.19.5&#8243; _module_preset=\u00bbdefault\u00bb background_image=\u00bbhttp:\/\/cedis.org.es\/curso\/wp-content\/uploads\/2020\/12\/sparkler-677774_1920.jpg\u00bb background_position=\u00bbtop_center\u00bb custom_padding=\u00bb100px||100px||true|false\u00bb global_colors_info=\u00bb{}\u00bb][et_pb_row _builder_version=\u00bb4.19.5&#8243; _module_preset=\u00bbdefault\u00bb global_colors_info=\u00bb{}\u00bb][et_pb_column type=\u00bb4_4&#8243; _builder_version=\u00bb4.19.5&#8243; _module_preset=\u00bbdefault\u00bb global_colors_info=\u00bb{}\u00bb][et_pb_text _builder_version=\u00bb4.19.5&#8243; _module_preset=\u00bbdefault\u00bb header_font=\u00bb|800|||||||\u00bb header_text_color=\u00bb#FFFFFF\u00bb header_font_size=\u00bb50px\u00bb global_colors_info=\u00bb{}\u00bb]<\/p>\n<h1>Sierva de Dios Ascensi\u00f3n S\u00e1nchez<\/h1>\n<p>[\/et_pb_text][\/et_pb_column][\/et_pb_row][\/et_pb_section][et_pb_section fb_built=\u00bb1&#8243; _builder_version=\u00bb4.19.5&#8243; _module_preset=\u00bbdefault\u00bb global_colors_info=\u00bb{}\u00bb][et_pb_row column_structure=\u00bb1_2,1_2&#8243; _builder_version=\u00bb4.19.5&#8243; _module_preset=\u00bbdefault\u00bb global_colors_info=\u00bb{}\u00bb][et_pb_column type=\u00bb1_2&#8243; _builder_version=\u00bb4.19.5&#8243; _module_preset=\u00bbdefault\u00bb global_colors_info=\u00bb{}\u00bb][et_pb_video src=\u00bbhttps:\/\/www.youtube.com\/watch?v=zurOnT5wW0k\u00bb _builder_version=\u00bb4.19.5&#8243; _module_preset=\u00bbdefault\u00bb hover_enabled=\u00bb0&#8243; sticky_enabled=\u00bb0&#8243;][\/et_pb_video][et_pb_image src=\u00bbhttp:\/\/cedis.org.es\/curso\/wp-content\/uploads\/2023\/01\/ascension.jpg\u00bb title_text=\u00bbascension\u00bb _builder_version=\u00bb4.19.5&#8243; _module_preset=\u00bbdefault\u00bb global_colors_info=\u00bb{}\u00bb][\/et_pb_image][\/et_pb_column][et_pb_column type=\u00bb1_2&#8243; _builder_version=\u00bb4.19.5&#8243; _module_preset=\u00bbdefault\u00bb global_colors_info=\u00bb{}\u00bb][et_pb_text _builder_version=\u00bb4.19.5&#8243; _module_preset=\u00bbdefault\u00bb global_colors_info=\u00bb{}\u00bb]<\/p>\n<p style=\"font-weight: 400;\"><em>Me urge ser santa<\/em><span>\u00a0<\/span>\u2013 escribe\u00a0Ascensi\u00f3n en sus apuntes espirituales como respuesta que da, contemplando un mundo lleno de ciza\u00f1a del enemigo.<\/p>\n<p style=\"font-weight: 400;\">Su padre, don Pilar, era notario por lo que la familia S\u00e1nchez S\u00e1nchez en varias ocasiones tuvo que cambiar de lugar de residencia, pero eso no les imped\u00eda que en todos los sitios encontrasen enseguida la simpat\u00eda y la acogida de los vecinos.<\/p>\n<p style=\"font-weight: 400;\">Ascensi\u00f3n, ya desde peque\u00f1a, se mostr\u00f3 inteligente y de car\u00e1cter extraor\u00addinario en el que destacaba ante todo su bondad y la fuerza de voluntad. Con el tiempo, ella misma reconoce que sus cualidades en especial son<span>\u00a0<\/span>claridad y rapidez de entendimiento, delicadeza y fuerza de voluntad. Adem\u00e1s, el Se\u00f1or dot\u00f3 a la joven Ascensi\u00f3n<span>\u00a0<\/span>de facilidad para dirigir y expresarse con ideas de grandes iniciativas pr\u00e1cticas para el apostolado.\u00a0<\/p>\n<p style=\"font-weight: 400;\">Ascensi\u00f3n reconoci\u00f3 en s\u00ed estos talentos y sin tardar puso en marcha el negocio apost\u00f3lico en favor de la gloria de Dios. Sobreponi\u00e9ndose a las dificul\u00adtades que siempre acompa\u00f1an las grandes obras de Dios y animada por su hermana Luisina y alguna de las amigas m\u00e1s cercanas, en 1936 funda en Villaca\u00f1as Acci\u00f3n Cat\u00f3lica de la que es nombrada primera presidenta.<\/p>\n<p style=\"font-weight: 400;\">Pero enseguida comenzaron tiempos dif\u00edciles en Espa\u00f1a y las actividades que emprendieron con tanto empuje, aunque no sin lucha, tuvieron que dejarlas. Comenz\u00f3 la persecuci\u00f3n religiosa y con ella, el odio a la fe se expandi\u00f3 como la p\u00f3lvora por toda la naci\u00f3n.<\/p>\n<p style=\"font-weight: 400;\">Justo se acercaba el tiempo de vacaciones de verano que la Sierva de Dios sol\u00eda pasar en la casa de su hermana mayor en Santander. As\u00ed dej\u00f3 sus padres en Villaca\u00f1as a finales del mes de junio de 1936, sin sospechar que no volver\u00eda a verlos hasta tres a\u00f1os despu\u00e9s, una vez terminada la guerra civil.<\/p>\n<p style=\"font-weight: 400;\">\n<p style=\"font-weight: 400;\">Ascensi\u00f3n\u00a0naci\u00f3 a principios del siglo XX, en el a\u00f1o 1911, como s\u00e9ptima hija en una familia extraordinaria por su ejemplaridad de vida cristiana y moral. Ciertamente, a la Sierva de Dios desde el principio nunca le falt\u00f3 el ejemplo de una vida cristiana en medio de una vida familiar acomodada econ\u00f3micamente y reconocida socialmente.\u00a0<\/p>\n<p style=\"font-weight: 400;\"><span>El tiempo que pas\u00f3 all\u00ed la Sierva de Dios fue providencial y de fundamental importancia para toda su vida.\u00a0<\/span><\/p>\n<p style=\"font-weight: 400;\">En el a\u00f1o 1937, conoci\u00f3 a un joven sacerdote don Doroteo Hern\u00e1ndez Vera, quien movido por el Esp\u00edritu en la confesi\u00f3n le hace esta pregunta: \u201c\u00bfTiene Usted vocaci\u00f3n?\u201d En principio, la Sierva de Dios no sabe qu\u00e9 responder. En su alma hay una gran pena. Tiene noticia de que en Villaca\u00f1as muchos de los que ella conoci\u00f3 han muerto m\u00e1rtires por Cristo y eso le hace interrogarse \u00bfno me vio el Se\u00f1or digna de esta gracia y por eso me sac\u00f3 de all\u00ed? Su pena aumenta por la noticia de que sus dos hermanos militares han dado su vida por Dios y por Espa\u00f1a. Por eso, a la pregunta de don Doroteo responde sencillamente: \u201cNo lo s\u00e9, pero me gustar\u00eda tenerla\u201d.<\/p>\n<p style=\"font-weight: 400;\">Aquella confesi\u00f3n fue decisiva para Ascensi\u00f3n, aunque nadie supo entonces el alcance de aquel encuentro entre ella y aquel joven sacerdote.<\/p>\n<p style=\"font-weight: 400;\">Unos meses m\u00e1s tarde don Doroteo fue encarcelado por ejercer su ministerio sacerdotal, pero igual que Ascensi\u00f3n no estaba destinado a morir m\u00e1rtir por Cristo. Los planes de Dios sobre ambos fueron diferentes.\u00a0<\/p>\n<p style=\"font-weight: 400;\">El 8 de diciembre de 1937 don Doroteo funda sin darse cuenta \u201cuna Obra para gloria de Dios\u201d y escasos cinco meses despu\u00e9s, el Viernes Santo de 1938, Ascensi\u00f3n pasar\u00e1 a formar parte de esta Obra para en ella realizar su vocaci\u00f3n de cruzada como expresi\u00f3n del anhelo de su alma \u201cMi vocaci\u00f3n \u2013 salvar almas\u201d.<\/p>\n<p style=\"font-weight: 400;\">La Sierva de Dios desde el principio se identific\u00f3 plenamente con la espiri\u00adtualidad y el carisma propios de la Cruzada Evang\u00e9lica. Su ansia de apostolado ha encontrado una expresi\u00f3n viva en el carisma del Fundador de trabajar por la uni\u00f3n en el pueblo espa\u00f1ol despu\u00e9s de la guerra civil, centr\u00e1ndose sobre todo en los apostolados ingratos y abandonados, de una manera preferente atendiendo a los presos y sus familiares.<\/p>\n<p style=\"font-weight: 400;\">De forma particular, la Sierva de Dios se entreg\u00f3 al apostolado del perd\u00f3n. Aunque la guerra civil oficialmente se hab\u00eda terminado, las secuelas de odio y el deseo de venganza no cesaban en el pueblo espa\u00f1ol. \u00bfQui\u00e9n no perdi\u00f3 en la guerra a alg\u00fan familiar, a alguien querido? Es impresionante el testimonio que ha dejado la Sierva de Dios en el pueblo de Villaca\u00f1as y entre los que la conocieron en aquella \u00e9poca. Aprovechando los dones que Dios tan generosamente deposit\u00f3 en su coraz\u00f3n d\u00e1ndole un car\u00e1cter dulce, pero a su vez determinado, con la autoridad de quien perdi\u00f3 en la guerra a dos hermanos, Ascensi\u00f3n se convirti\u00f3 en incansable ap\u00f3stol del perd\u00f3n.\u00a0<\/p>\n<p style=\"font-weight: 400;\">Sin duda, todo lo que hizo Ascensi\u00f3n hasta el a\u00f1o 1940 fue importante en su vida y de extraordinaria riqueza espiritual, pero los a\u00f1os decisivos en su vida de santidad son los \u00faltimos a\u00f1os de su existencia.<\/p>\n<p style=\"font-weight: 400;\">En el a\u00f1o 1940, la Cruzada Evang\u00e9lica fue llamada a instaurarse en Madrid. El fundador enseguida puso su mirada en la \u00fanica cruzada que pudiese fundar la Obra en la capital, que sin duda era Ascensi\u00f3n.<\/p>\n<p style=\"font-weight: 400;\">La misi\u00f3n que se la encomend\u00f3 era grande y exigente. En una incondicional disponibilidad a la voluntad de Dios y a los deseos de sus Superiores, se entreg\u00f3 por completo a la realizaci\u00f3n de la misi\u00f3n que se le confi\u00f3. As\u00ed, el 14 de junio de 1941 se inaugur\u00f3 el Albergue de la Merced, la primera casa de apostolado de la Cruzada Evang\u00e9lica en Madrid de la que ella fue la primera Cruzada Mayor y directora.<\/p>\n<p style=\"font-weight: 400;\">En el Albergue, la Sierva de Dios estuvo desde su inauguraci\u00f3n hasta el a\u00f1o 1946, cuando el Se\u00f1or dispuso su ejemplar y santa muerte.<\/p>\n<p style=\"font-weight: 400;\">Durante estos cinco a\u00f1os, la Sierva de Dios vivi\u00f3 en profundidad su vocaci\u00f3n de cruzada marcada por su excepcional entrega apost\u00f3lica en una constante b\u00fasqueda de su propia santidad y la santidad de los dem\u00e1s. El apostolado en un ambiente hostil, ingrato, abandonado de tal manera la acerc\u00f3 a Dios que le pidi\u00f3 que le quitase todos los consuelos, que le pidiese lo que fuera con tal que las almas no le ofendiesen, y ofreci\u00f3 su vida por la conversi\u00f3n de las almas. Fueron a\u00f1os de lucha interior que la hicieron fuerte en su vocaci\u00f3n y en su amor a Dios y a las almas. El sufrimiento por sus faltas de alma consagrada y de superiora acrisol\u00f3 en ella un verdadero modelo de alma consagrada a Dios en medio del mundo. Su t\u00f3nica de vida era la sencillez, alegr\u00eda y extraordinaria bondad que derroch\u00f3 en la entrega a aquellas almas toscas en el apostolado con las ex reclusas, que reconocieron en ella la sombra de una madre.<\/p>\n<p style=\"font-weight: 400;\">La b\u00fasqueda de la voluntad de Dios de forma interrumpida en su vida hizo que la Sierva de Dios durante estos escasos cinco a\u00f1os corriera su carrera espiritual y apost\u00f3lica admirablemente, de tal forma que, a la hora de su muerte, acostum\u00adbrada a hacerlo siempre, abandon\u00f3 por vez \u00faltima su voluntad en la voluntad del Se\u00f1or\u2026<\/p>\n<p style=\"font-weight: 400;\">\u201c<em>Se\u00f1or, lo que quieras, cuando quieras, donde quieras, pero con tu gracia\u2026 Sola ni un paso\u2026<\/em>\u201d<\/p>\n<p style=\"font-weight: 400;\">\n<p style=\"font-weight: 400;\">As\u00ed vivi\u00f3, sin nosotras darnos cuenta de que aquella manera de proceder encerraba virtudes no corrientes, y tuvo que llegar su muerte para caer en la cuenta del tesoro que llevaba dentro, que no dejaba lugar a dudas, de que fue la de una santa, amiga de Dios, y que hab\u00eda vivido para \u00c9l.<\/p>\n<p>Actualmente la urna con los restos mortales de la Sierva de Dios Ascensi\u00f3n S\u00e1nchez reposan en la Cripta Oratorio de la Obra Social Ascensi\u00f3n S\u00e1nchez en Coslada en la calle Iglesia, 15.<\/p>\n<p>En realidad esta Obra es la continuaci\u00f3n del antiguo Albergue de la Merced que ella con tanto sacrificio fund\u00f3 en el a\u00f1o 1941 apoyada por el Fundador de Instituto Secular Cruzada Evang\u00e9lica Venerable Doroteo Hern\u00e1ndez Vera.\u00a0<\/p>\n<p>Por eso, al trasladarse sus restos desde el Cementerio de la Almudena en Madrid en abril de 2016 a la Cripta Oratorio de la Obra Social en Coslada, alguien dijo:<\/p>\n<p>\u00ab -Por fin has vuelto a tu casa&#8230;\u00bb\u00a0\u00a0<\/p>\n<p>[\/et_pb_text][\/et_pb_column][\/et_pb_row][\/et_pb_section]<\/p>\n","protected":false},"excerpt":{"rendered":"<p>Sierva de Dios Ascensi\u00f3n S\u00e1nchezMe urge ser santa\u00a0\u2013 escribe\u00a0Ascensi\u00f3n en sus apuntes espirituales como respuesta que da, contemplando un mundo lleno de ciza\u00f1a del enemigo. Su padre, don Pilar, era notario por lo que la familia S\u00e1nchez S\u00e1nchez en varias ocasiones tuvo que cambiar de lugar de residencia, pero eso no les imped\u00eda que en [&hellip;]<\/p>\n","protected":false},"author":1,"featured_media":0,"parent":519,"menu_order":0,"comment_status":"closed","ping_status":"closed","template":"","meta":{"_et_pb_use_builder":"on","_et_pb_old_content":"<!-- wp:divi\/placeholder \/-->","_et_gb_content_width":""},"_links":{"self":[{"href":"https:\/\/cedis.org.es\/curso\/wp-json\/wp\/v2\/pages\/563"}],"collection":[{"href":"https:\/\/cedis.org.es\/curso\/wp-json\/wp\/v2\/pages"}],"about":[{"href":"https:\/\/cedis.org.es\/curso\/wp-json\/wp\/v2\/types\/page"}],"author":[{"embeddable":true,"href":"https:\/\/cedis.org.es\/curso\/wp-json\/wp\/v2\/users\/1"}],"replies":[{"embeddable":true,"href":"https:\/\/cedis.org.es\/curso\/wp-json\/wp\/v2\/comments?post=563"}],"version-history":[{"count":8,"href":"https:\/\/cedis.org.es\/curso\/wp-json\/wp\/v2\/pages\/563\/revisions"}],"predecessor-version":[{"id":698,"href":"https:\/\/cedis.org.es\/curso\/wp-json\/wp\/v2\/pages\/563\/revisions\/698"}],"up":[{"embeddable":true,"href":"https:\/\/cedis.org.es\/curso\/wp-json\/wp\/v2\/pages\/519"}],"wp:attachment":[{"href":"https:\/\/cedis.org.es\/curso\/wp-json\/wp\/v2\/media?parent=563"}],"curies":[{"name":"wp","href":"https:\/\/api.w.org\/{rel}","templated":true}]}}