{"id":561,"date":"2023-01-26T16:45:53","date_gmt":"2023-01-26T16:45:53","guid":{"rendered":"https:\/\/cedis.org.es\/curso\/?page_id=561"},"modified":"2023-02-01T08:31:22","modified_gmt":"2023-02-01T08:31:22","slug":"venerable-magdalena-aulina","status":"publish","type":"page","link":"https:\/\/cedis.org.es\/curso\/testigos-home\/venerable-magdalena-aulina\/","title":{"rendered":"Venerable Magdalena Aulina"},"content":{"rendered":"<p>[et_pb_section fb_built=\u00bb1&#8243; _builder_version=\u00bb4.19.5&#8243; _module_preset=\u00bbdefault\u00bb background_image=\u00bbhttp:\/\/cedis.org.es\/curso\/wp-content\/uploads\/2020\/12\/sparkler-677774_1920.jpg\u00bb background_position=\u00bbtop_center\u00bb custom_padding=\u00bb100px||100px||true|false\u00bb global_colors_info=\u00bb{}\u00bb][et_pb_row _builder_version=\u00bb4.19.5&#8243; _module_preset=\u00bbdefault\u00bb global_colors_info=\u00bb{}\u00bb][et_pb_column type=\u00bb4_4&#8243; _builder_version=\u00bb4.19.5&#8243; _module_preset=\u00bbdefault\u00bb global_colors_info=\u00bb{}\u00bb][et_pb_text _builder_version=\u00bb4.19.5&#8243; _module_preset=\u00bbdefault\u00bb header_font=\u00bb|800|||||||\u00bb header_text_color=\u00bb#FFFFFF\u00bb header_font_size=\u00bb50px\u00bb global_colors_info=\u00bb{}\u00bb]<\/p>\n<h1>Venerable Magdalena Aulina<\/h1>\n<p>[\/et_pb_text][\/et_pb_column][\/et_pb_row][\/et_pb_section][et_pb_section fb_built=\u00bb1&#8243; _builder_version=\u00bb4.19.5&#8243; _module_preset=\u00bbdefault\u00bb global_colors_info=\u00bb{}\u00bb][et_pb_row column_structure=\u00bb1_2,1_2&#8243; _builder_version=\u00bb4.19.5&#8243; _module_preset=\u00bbdefault\u00bb global_colors_info=\u00bb{}\u00bb][et_pb_column type=\u00bb1_2&#8243; _builder_version=\u00bb4.19.5&#8243; _module_preset=\u00bbdefault\u00bb global_colors_info=\u00bb{}\u00bb][et_pb_video src=\u00bbhttps:\/\/www.youtube.com\/watch?v=mLsCA8poFIA\u00bb _builder_version=\u00bb4.19.5&#8243; _module_preset=\u00bbdefault\u00bb hover_enabled=\u00bb0&#8243; sticky_enabled=\u00bb0&#8243;][\/et_pb_video][et_pb_image src=\u00bbhttp:\/\/cedis.org.es\/curso\/wp-content\/uploads\/2023\/01\/aulina.jpg\u00bb title_text=\u00bbaulina\u00bb _builder_version=\u00bb4.19.5&#8243; _module_preset=\u00bbdefault\u00bb global_colors_info=\u00bb{}\u00bb][\/et_pb_image][\/et_pb_column][et_pb_column type=\u00bb1_2&#8243; _builder_version=\u00bb4.19.5&#8243; _module_preset=\u00bbdefault\u00bb global_colors_info=\u00bb{}\u00bb][et_pb_text _builder_version=\u00bb4.19.5&#8243; _module_preset=\u00bbdefault\u00bb global_colors_info=\u00bb{}\u00bb]<\/p>\n<p lang=\"es-ES\" xml:lang=\"es-ES\"><span>Ba\u00f1olas (Gerona), 13.XII.1897 \u2013 Barcelona, 15.V.1956. Fundadora del Instituto Secular de las Operarias Parroquiales.<\/span><\/p>\n<p lang=\"es-ES\" xml:lang=\"es-ES\"><span>Fueron sus padres Narciso Aulina y Carmen Saurina, siendo la sexta de siete hermanos. Desde muy peque\u00f1a fue especialmente devota de la Virgen, a la que dedicaba sus juegos infantiles.<\/span><\/p>\n<p lang=\"es-ES\" xml:lang=\"es-ES\"><span>Ten\u00eda una hermana mayor que era monja profesa del Carmelo de Banyoles. Todos cre\u00edan que seguir\u00eda sus pasos, pero Magdalena, aunque atra\u00edda por la vida consagrada, no quer\u00eda permanecer en un convento, sino dedicarse a ganar almas para Dios sin abandonar el mundo. Es lo que ella llamar\u00eda la \u201csecularidad consagrada\u201d para evangelizar en todo tiempo y sin fronteras, trabajando \u201ca campo abierto\u201d para la mayor gloria de Dios y el bien de las almas. Este nuevo camino de espiritualidad y apostolado intuido por Magdalena lo comenz\u00f3 a poner en pr\u00e1ctica en 1916, cuando contaba dieciocho a\u00f1os, en el barrio de Les Rodes de Ba\u00f1olas, donde se puso a disposici\u00f3n del p\u00e1rroco.<\/span><\/p>\n<p lang=\"es-ES\" xml:lang=\"es-ES\"><span>Organiz\u00f3 los que ella llam\u00f3 \u201cencuentros marianos\u201d, reuniones a las que invitaba a sus amigas y vecinas. Esta pr\u00e1ctica tuvo muy buena acogida y ello anim\u00f3 a Magdalena a realizar otras iniciativas, como el Patronato de Obreras para ayudar y dar formaci\u00f3n a las j\u00f3venes que trabajaban en las f\u00e1bricas y una escuela para los m\u00e1s peque\u00f1os. En 1925, los encuentros marianos eran tan concurridos que hubieron de celebrarse en la plaza p\u00fablica, lo cual puso de manifiesto la necesidad de una iglesia, cuya construcci\u00f3n impuls\u00f3 Aulina. En uno de los locales anejos al templo fund\u00f3 un \u201ccasal\u201d\u00a0para el\u00a0esparcimiento y la educaci\u00f3n religiosa de la juventud. Por esa \u00e9poca, lleg\u00f3 a sus manos la vida de santa Gema Galgani (1878-1903), m\u00edstica laica de Lucca (Italia), que adopt\u00f3 la espiritualidad pasionista sin entrar en religi\u00f3n y que le inspir\u00f3 el modo de vida de la fundaci\u00f3n en la que hac\u00eda alg\u00fan tiempo pensaba.<\/span><\/p>\n<p lang=\"es-ES\" xml:lang=\"es-ES\"><span>El 25 de marzo de 1933, en la iglesia de la Sagrada Familia, Magdalena y sus primeras compa\u00f1eras se consagraron al Se\u00f1or, \u201cpermaneciendo en el mundo sin ser del mundo\u201d, y se pusieron bajo la direcci\u00f3n espiritual de monse\u00f1or Ignacio Enrique Jord\u00e0. Para albergar a sus colaboradoras y ampliar sus actividades religiosas y sociales fund\u00f3 la Casa Nostra, para la cual destin\u00f3 la casa y el solar que ten\u00eda en propiedad a orillas del lago de Ba\u00f1olas (en los n\u00fameros 64 y 66 de la calle de la Divina Pastora, respectivamente), encargando su remodelaci\u00f3n y construcci\u00f3n al arquitecto gerundense Rafael Mass\u00f3 Valent\u00ed, que ejecut\u00f3 el proyecto entre 1933 y 1935, siendo hoy uno de los mejor conservados de su producci\u00f3n.<\/span><\/p>\n<p lang=\"es-ES\" xml:lang=\"es-ES\"><span>A pesar de la fama creciente de Magdalena, su nueva obra despert\u00f3 fuertes recelos en algunos sectores eclesiales de la di\u00f3cesis de Gerona, en los que no se comprend\u00eda que unas se\u00f1oritas consagradas a Dios no viviesen sujetas a una regla ni vistiesen h\u00e1bito. Despu\u00e9s de la Guerra del 36 y la persecuci\u00f3n religiosa, la Casa Nostra fue nuevamente objeto de oposici\u00f3n, esta vez por parte del propio obispo de Gerona, monse\u00f1or Jos\u00e9 Carta\u00f1\u00e1 Ingl\u00e9s, que la consideraba una obra \u201cdoctrinalmente her\u00e9tica, en el orden familiar disolvente y en el social y p\u00fablico perturbadora\u201d (como escribi\u00f3 en 1941 al ministro de Educaci\u00f3n de entonces, Jos\u00e9 Ib\u00e1\u00f1ez Mart\u00edn). El obispo de Pamplona, el salesiano monse\u00f1or Marcelino Olaechea Loizaga, se mostr\u00f3, por el contrario, entusiasta e invit\u00f3 a Magdalena a establecer la fundaci\u00f3n en su di\u00f3cesis. En 1941, envi\u00f3 ella un grupo de sus colaboradoras a Navarra, donde constituyeron la P\u00eda Uni\u00f3n de Operarias Parroquiales, erigida por el obispo en 1945 y que prosper\u00f3 grandemente.<\/span><\/p>\n<p lang=\"es-ES\" xml:lang=\"es-ES\"><span>En 1951, Magdalena decidi\u00f3 ir a Roma, donde se entrevist\u00f3 con el santo padre P\u00edo XII. El Pont\u00edfice, que hab\u00eda establecido los Institutos Seculares mediante la constituci\u00f3n\u00a0<\/span><span>Provida Mater Ecclesia\u00a0<\/span><span>de 1947, le dio de buena gana la bendici\u00f3n apost\u00f3lica a su obra. A partir de entonces, las Operarias Parroquiales conocieron un gran incremento, extendi\u00e9ndose por el mundo. Magdalena se qued\u00f3 en Roma durante un tiempo para consolidar su obra, fundando una comunidad en la Ciudad Eterna, y para resolver las dificultades que se presentaban.<\/span><\/p>\n<p lang=\"es-ES\" xml:lang=\"es-ES\"><span>Vuelta a Espa\u00f1a, se estableci\u00f3 en Barcelona, donde muri\u00f3 con fama de santidad. Sus restos reposan en el oratorio de la casa central del instituto en la Ciudad Condal. Las Operarias Parroquiales fueron finalmente aprobadas como instituto secular por la Santa Sede en 1962. Est\u00e1n presentes en Europa (con numerosas casas en Espa\u00f1a, Italia y Francia), en Am\u00e9rica (Puerto Rico y Paraguay) y en \u00c1frica (Guinea Ecuatorial y Gab\u00f3n).\u00a0<\/span><\/p>\n<p>[\/et_pb_text][\/et_pb_column][\/et_pb_row][\/et_pb_section]<\/p>\n","protected":false},"excerpt":{"rendered":"<p>Venerable Magdalena AulinaBa\u00f1olas (Gerona), 13.XII.1897 \u2013 Barcelona, 15.V.1956. Fundadora del Instituto Secular de las Operarias Parroquiales. Fueron sus padres Narciso Aulina y Carmen Saurina, siendo la sexta de siete hermanos. Desde muy peque\u00f1a fue especialmente devota de la Virgen, a la que dedicaba sus juegos infantiles. Ten\u00eda una hermana mayor que era monja profesa del [&hellip;]<\/p>\n","protected":false},"author":1,"featured_media":0,"parent":519,"menu_order":0,"comment_status":"closed","ping_status":"closed","template":"","meta":{"_et_pb_use_builder":"on","_et_pb_old_content":"<!-- wp:divi\/placeholder \/-->","_et_gb_content_width":""},"_links":{"self":[{"href":"https:\/\/cedis.org.es\/curso\/wp-json\/wp\/v2\/pages\/561"}],"collection":[{"href":"https:\/\/cedis.org.es\/curso\/wp-json\/wp\/v2\/pages"}],"about":[{"href":"https:\/\/cedis.org.es\/curso\/wp-json\/wp\/v2\/types\/page"}],"author":[{"embeddable":true,"href":"https:\/\/cedis.org.es\/curso\/wp-json\/wp\/v2\/users\/1"}],"replies":[{"embeddable":true,"href":"https:\/\/cedis.org.es\/curso\/wp-json\/wp\/v2\/comments?post=561"}],"version-history":[{"count":7,"href":"https:\/\/cedis.org.es\/curso\/wp-json\/wp\/v2\/pages\/561\/revisions"}],"predecessor-version":[{"id":697,"href":"https:\/\/cedis.org.es\/curso\/wp-json\/wp\/v2\/pages\/561\/revisions\/697"}],"up":[{"embeddable":true,"href":"https:\/\/cedis.org.es\/curso\/wp-json\/wp\/v2\/pages\/519"}],"wp:attachment":[{"href":"https:\/\/cedis.org.es\/curso\/wp-json\/wp\/v2\/media?parent=561"}],"curies":[{"name":"wp","href":"https:\/\/api.w.org\/{rel}","templated":true}]}}