{"id":559,"date":"2023-01-26T16:45:34","date_gmt":"2023-01-26T16:45:34","guid":{"rendered":"https:\/\/cedis.org.es\/curso\/?page_id=559"},"modified":"2023-02-01T08:30:26","modified_gmt":"2023-02-01T08:30:26","slug":"beata-armida-barelli","status":"publish","type":"page","link":"https:\/\/cedis.org.es\/curso\/testigos-home\/beata-armida-barelli\/","title":{"rendered":"Beata Armida Barelli"},"content":{"rendered":"<p>[et_pb_section fb_built=\u00bb1&#8243; _builder_version=\u00bb4.19.5&#8243; _module_preset=\u00bbdefault\u00bb background_image=\u00bbhttp:\/\/cedis.org.es\/curso\/wp-content\/uploads\/2020\/12\/sparkler-677774_1920.jpg\u00bb background_position=\u00bbtop_center\u00bb custom_padding=\u00bb100px||100px||true|false\u00bb global_colors_info=\u00bb{}\u00bb][et_pb_row _builder_version=\u00bb4.19.5&#8243; _module_preset=\u00bbdefault\u00bb global_colors_info=\u00bb{}\u00bb][et_pb_column type=\u00bb4_4&#8243; _builder_version=\u00bb4.19.5&#8243; _module_preset=\u00bbdefault\u00bb global_colors_info=\u00bb{}\u00bb][et_pb_text _builder_version=\u00bb4.19.5&#8243; _module_preset=\u00bbdefault\u00bb header_font=\u00bb|800|||||||\u00bb header_text_color=\u00bb#FFFFFF\u00bb header_font_size=\u00bb50px\u00bb global_colors_info=\u00bb{}\u00bb]<\/p>\n<h1>Beata Armida Barelli<\/h1>\n<p>[\/et_pb_text][\/et_pb_column][\/et_pb_row][\/et_pb_section][et_pb_section fb_built=\u00bb1&#8243; _builder_version=\u00bb4.19.5&#8243; _module_preset=\u00bbdefault\u00bb global_colors_info=\u00bb{}\u00bb][et_pb_row column_structure=\u00bb1_2,1_2&#8243; _builder_version=\u00bb4.19.5&#8243; _module_preset=\u00bbdefault\u00bb global_colors_info=\u00bb{}\u00bb][et_pb_column type=\u00bb1_2&#8243; _builder_version=\u00bb4.19.5&#8243; _module_preset=\u00bbdefault\u00bb global_colors_info=\u00bb{}\u00bb][et_pb_video src=\u00bbhttps:\/\/www.youtube.com\/watch?v=KZbRU4qdE0U\u00bb _builder_version=\u00bb4.19.5&#8243; _module_preset=\u00bbdefault\u00bb hover_enabled=\u00bb0&#8243; sticky_enabled=\u00bb0&#8243;][\/et_pb_video][et_pb_image src=\u00bbhttp:\/\/cedis.org.es\/curso\/wp-content\/uploads\/2023\/01\/barelli.jpg\u00bb title_text=\u00bbbarelli\u00bb _builder_version=\u00bb4.19.5&#8243; _module_preset=\u00bbdefault\u00bb global_colors_info=\u00bb{}\u00bb][\/et_pb_image][\/et_pb_column][et_pb_column type=\u00bb1_2&#8243; _builder_version=\u00bb4.19.5&#8243; _module_preset=\u00bbdefault\u00bb global_colors_info=\u00bb{}\u00bb][et_pb_text _builder_version=\u00bb4.19.5&#8243; _module_preset=\u00bbdefault\u00bb global_colors_info=\u00bb{}\u00bb]<\/p>\n<p>Nacida en el seno de una familia de clase media, estudia en un internado suizo. De regreso a Mil\u00e1n, se dedic\u00f3 a los ni\u00f1os abandonados y pobres, colaborando con Rita Tonoli, quien luego fund\u00f3 un instituto dedicado a la asistencia de estos ni\u00f1os y que la puso en contacto con el p. Agostino Gemelli, reci\u00e9n convertido. El encuentro con el fraile marca para ella el inicio de una colaboraci\u00f3n que durar\u00e1 toda la vida: Acci\u00f3n Cat\u00f3lica, Instituto Secular de los Misioneros de la Realeza, Universidad Cat\u00f3lica del Sagrado Coraz\u00f3n, Obra de la Realeza de Nuestro Se\u00f1or Jesucristo.<\/p>\n<p>En 1918 fund\u00f3 la Juventud de Mujeres Cat\u00f3licas de Mil\u00e1n, llamada para este cargo por el Card. Ferrari que, ante la propaganda marxista, ve la urgente necesidad de la formaci\u00f3n de los j\u00f3venes tambi\u00e9n (los j\u00f3venes ya estaban organizados), para que sean testigos del bautismo recibido con su vida. Barelli se siente inadecuada para esta tarea, pero ante la urgencia que se le se\u00f1ala, acepta. Se convierte en la hermana mayor de un grupo de j\u00f3venes que de las parroquias milanesas se encuentran en el obispado para profundizar problemas teol\u00f3gicos y sociales para contrarrestar la propaganda marxista.<\/p>\n<p>La experiencia positiva de Mil\u00e1n empuja al Papa Benedicto XV a encomendarle la misma tarea para todas las di\u00f3cesis italianas. Una vez m\u00e1s, a Barelli no le gustar\u00eda aceptar el puesto, pero ante su resistencia y el deseo de irse como misionera, el Papa responde: \u00abSu misi\u00f3n es Italia\u00bb, y la env\u00eda \u00abno como maestra entre los alumnos, sino como hermana entre hermanas \u201d, para que las j\u00f3venes tomen conciencia de su cristianismo y redescubran su dignidad de mujeres.<\/p>\n<p>Estamos en 1918, y Barelli comienza su primer recorrido por la pen\u00ednsula para reunir a las j\u00f3venes, que responden con entusiasmo. Les propone un camino exigente y dif\u00edcil: ir contracorriente, gracias al compromiso personal de formaci\u00f3n y vida grupal, teniendo como fundamento un trinomio: Eucarist\u00eda, apostolado, hero\u00edsmo, que marcar\u00e1 la vida de muchas j\u00f3venes.<\/p>\n<p>En 1919, junto con el padre Gemelli, fund\u00f3 el Instituto Secular de los Misioneros del Reinado de Cristo y con \u00e9l tambi\u00e9n la Obra del Reinado de Nuestro Se\u00f1or Jesucristo para la difusi\u00f3n de la liturgia. En 1921 form\u00f3 parte del grupo de fundadores de la Universidad Cat\u00f3lica del Sagrado Coraz\u00f3n, firmemente convencida de dedicarla al Sagrado Coraz\u00f3n y se convirti\u00f3 en su indispensable \u00abcajera\u00bb. Organiza conferencias, peregrinaciones, semanas de la pureza, semanas sociales y actividades para las misiones.<\/p>\n<p>Participa en los congresos internacionales de la Juventud Femenina de Acci\u00f3n Cat\u00f3lica (JFAC) y siempre est\u00e1 abierta a acoger lo nuevo de las experiencias de otros pa\u00edses y que se pueda trasladar a la realidad italiana, marcada por el r\u00e9gimen fascista que considera incompatible con la formaci\u00f3n de las JFAC. Cuando el r\u00e9gimen colaps\u00f3, hizo un valioso trabajo al integrar a las mujeres en la vida pol\u00edtica, ya que estaban votando por primera vez.<\/p>\n<p>Su apertura al mundo que la rodea, hoy dir\u00edamos a los signos de los tiempos, es extraordinaria, porque surge de su vida m\u00edstica que la hace captar el gran potencial de la fe y la misi\u00f3n de la Iglesia. Fue decisivo y concreto el apoyo de las JFAC al Instituto Benedicto XV en China, del que naci\u00f3 una congregaci\u00f3n religiosa femenina china, actualmente en funcionamiento. Su espiritualidad, fundamentalmente franciscana, se enriquece con otros tipos de espiritualidad presentes en CA que, como tal, se nutre de la espiritualidad bautismal com\u00fan a todos los fieles. Esto explica c\u00f3mo nacieron en las JFAC vocaciones religiosas de diversa \u00edndole y c\u00f3mo se vivi\u00f3 el matrimonio como una aut\u00e9ntica vocaci\u00f3n.<\/p>\n<p>De la radicalidad evang\u00e9lica bautismal nacen los numerosos testigos de la santidad de las JFAC (algunas ya reconocidas oficialmente como tales por la Iglesia): mujeres j\u00f3venes que siguieron heroicamente a Cristo por los caminos del mundo. En 1946, Armida fue nombrado vicepresidente general de Acci\u00f3n Cat\u00f3lica por P\u00edo XII. En 1949, enferm\u00f3 de par\u00e1lisis bulbar, que la llev\u00f3 a la muerte. Escribe: \u00abAcepto la muerte, lo que quiera el Se\u00f1or, en plena adhesi\u00f3n a la voluntad divina\u00bb.<\/p>\n<p>Est\u00e1 enterrada en la capilla de la Universidad Cat\u00f3lica de Mil\u00e1n.<\/p>\n<p>[\/et_pb_text][\/et_pb_column][\/et_pb_row][\/et_pb_section]<\/p>\n","protected":false},"excerpt":{"rendered":"<p>Beata Armida BarelliNacida en el seno de una familia de clase media, estudia en un internado suizo. De regreso a Mil\u00e1n, se dedic\u00f3 a los ni\u00f1os abandonados y pobres, colaborando con Rita Tonoli, quien luego fund\u00f3 un instituto dedicado a la asistencia de estos ni\u00f1os y que la puso en contacto con el p. Agostino [&hellip;]<\/p>\n","protected":false},"author":1,"featured_media":0,"parent":519,"menu_order":0,"comment_status":"closed","ping_status":"closed","template":"","meta":{"_et_pb_use_builder":"on","_et_pb_old_content":"<!-- wp:divi\/placeholder \/-->","_et_gb_content_width":""},"_links":{"self":[{"href":"https:\/\/cedis.org.es\/curso\/wp-json\/wp\/v2\/pages\/559"}],"collection":[{"href":"https:\/\/cedis.org.es\/curso\/wp-json\/wp\/v2\/pages"}],"about":[{"href":"https:\/\/cedis.org.es\/curso\/wp-json\/wp\/v2\/types\/page"}],"author":[{"embeddable":true,"href":"https:\/\/cedis.org.es\/curso\/wp-json\/wp\/v2\/users\/1"}],"replies":[{"embeddable":true,"href":"https:\/\/cedis.org.es\/curso\/wp-json\/wp\/v2\/comments?post=559"}],"version-history":[{"count":7,"href":"https:\/\/cedis.org.es\/curso\/wp-json\/wp\/v2\/pages\/559\/revisions"}],"predecessor-version":[{"id":696,"href":"https:\/\/cedis.org.es\/curso\/wp-json\/wp\/v2\/pages\/559\/revisions\/696"}],"up":[{"embeddable":true,"href":"https:\/\/cedis.org.es\/curso\/wp-json\/wp\/v2\/pages\/519"}],"wp:attachment":[{"href":"https:\/\/cedis.org.es\/curso\/wp-json\/wp\/v2\/media?parent=559"}],"curies":[{"name":"wp","href":"https:\/\/api.w.org\/{rel}","templated":true}]}}