{"id":84,"date":"2020-12-10T22:18:29","date_gmt":"2020-12-10T22:18:29","guid":{"rendered":"http:\/\/cedis.org.es\/curso\/?page_id=84"},"modified":"2021-02-06T16:51:26","modified_gmt":"2021-02-06T16:51:26","slug":"diversidad-de-carismas","status":"publish","type":"page","link":"http:\/\/cedis.org.es\/curso\/diversidad-de-carismas\/","title":{"rendered":"5. Institutos Seculares: Diversidad de carismas"},"content":{"rendered":"<p>[et_pb_section fb_built=\u00bb1&#8243; _builder_version=\u00bb4.7.4&#8243; _module_preset=\u00bbdefault\u00bb background_color=\u00bbrgba(0,0,0,0.66)\u00bb background_image=\u00bbhttp:\/\/cedis.org.es\/curso\/wp-content\/uploads\/2020\/12\/painting-1067686_1920.jpg\u00bb background_blend=\u00bbmultiply\u00bb][et_pb_row _builder_version=\u00bb4.7.4&#8243; _module_preset=\u00bbdefault\u00bb][et_pb_column type=\u00bb4_4&#8243; _builder_version=\u00bb4.7.4&#8243; _module_preset=\u00bbdefault\u00bb][et_pb_text _builder_version=\u00bb4.7.4&#8243; _module_preset=\u00bbdefault\u00bb header_font=\u00bbAcme||||||||\u00bb header_text_align=\u00bbcenter\u00bb header_text_color=\u00bb#ffffff\u00bb header_font_size=\u00bb70px\u00bb]<\/p>\n<h1>Cada Instituto Secular<br \/>\ncon su propio carisma&#8230;<\/h1>\n<p>[\/et_pb_text][\/et_pb_column][\/et_pb_row][\/et_pb_section][et_pb_section fb_built=\u00bb1&#8243; next_background_color=\u00bb#ffffff\u00bb _builder_version=\u00bb4.7.4&#8243; _module_preset=\u00bbdefault\u00bb background_color=\u00bb#0bb7b4&#8243; bottom_divider_style=\u00bbslant2&#8243;][et_pb_row _builder_version=\u00bb4.7.4&#8243; _module_preset=\u00bbdefault\u00bb custom_padding=\u00bb||47px|||\u00bb][et_pb_column type=\u00bb4_4&#8243; _builder_version=\u00bb4.7.4&#8243; _module_preset=\u00bbdefault\u00bb][et_pb_text _builder_version=\u00bb4.7.4&#8243; _module_preset=\u00bbdefault\u00bb header_font=\u00bb|300|||||||\u00bb header_text_align=\u00bbcenter\u00bb header_text_color=\u00bb#FFFFFF\u00bb header_font_size=\u00bb60px\u00bb header_line_height=\u00bb1.1em\u00bb header_4_font=\u00bb|300|||||||\u00bb header_4_text_align=\u00bbcenter\u00bb header_4_text_color=\u00bb#FFFFFF\u00bb header_4_line_height=\u00bb1.4em\u00bb header_5_font=\u00bb|300|||||||\u00bb header_5_text_align=\u00bbcenter\u00bb header_5_text_color=\u00bb#ffffff\u00bb header_5_font_size=\u00bb30px\u00bb header_5_line_height=\u00bb1.8em\u00bb custom_padding=\u00bb||33px|||\u00bb]<\/p>\n<h1>Institutos Seculares:<br \/>\n<strong>Diversidad de carismas<\/strong><\/h1>\n<h5>6 de febrero<\/h5>\n<p>[\/et_pb_text][\/et_pb_column][\/et_pb_row][\/et_pb_section][et_pb_section fb_built=\u00bb1&#8243; _builder_version=\u00bb4.7.4&#8243; _module_preset=\u00bbdefault\u00bb custom_padding=\u00bb82px||103px|||\u00bb][et_pb_row column_structure=\u00bb1_2,1_2&#8243; _builder_version=\u00bb4.7.4&#8243; _module_preset=\u00bbdefault\u00bb][et_pb_column type=\u00bb1_2&#8243; _builder_version=\u00bb4.7.4&#8243; _module_preset=\u00bbdefault\u00bb][et_pb_video src=\u00bbhttps:\/\/www.youtube.com\/watch?v=RcJId5vSAl4&#8243; _builder_version=\u00bb4.7.4&#8243; _module_preset=\u00bbdefault\u00bb][\/et_pb_video][\/et_pb_column][et_pb_column type=\u00bb1_2&#8243; _builder_version=\u00bb4.7.4&#8243; _module_preset=\u00bbdefault\u00bb][et_pb_text _builder_version=\u00bb4.7.4&#8243; _module_preset=\u00bbdefault\u00bb text_font_size=\u00bb18px\u00bb text_line_height=\u00bb1.8em\u00bb text_orientation=\u00bbcenter\u00bb]<\/p>\n<p>La secularidad consagrada lleva impresa en su ADN la diversidad, realidad humana y social que la Iglesia, por inspiraci\u00f3n del Esp\u00edritu, nos encarga vivir como vocaci\u00f3n espec\u00edfica. \u00bfQu\u00e9 aporta al mundo y a la comunidad cristiana cada Instituto viviendo la diversidad como vocaci\u00f3n? \u00bfC\u00f3mo se concreta en sus acciones y presencias? \u00bfQu\u00e9 puzle nos ofrecen los Institutos Seculares en Espa\u00f1a?<\/p>\n<p>[\/et_pb_text][\/et_pb_column][\/et_pb_row][\/et_pb_section][et_pb_section fb_built=\u00bb1&#8243; prev_background_color=\u00bb#ffffff\u00bb _builder_version=\u00bb4.7.4&#8243; _module_preset=\u00bbdefault\u00bb background_color=\u00bb#d8d8d8&#8243; background_image=\u00bbhttp:\/\/cedis.org.es\/curso\/wp-content\/uploads\/2020\/12\/Conectados-1200x628px-fcbk.jpg\u00bb background_blend=\u00bbscreen\u00bb custom_padding=\u00bb134px||132px|||\u00bb top_divider_style=\u00bbslant2&#8243;][et_pb_row column_structure=\u00bb1_2,1_2&#8243; disabled_on=\u00bboff|off|off\u00bb _builder_version=\u00bb4.7.4&#8243; _module_preset=\u00bbdefault\u00bb][et_pb_column type=\u00bb1_2&#8243; _builder_version=\u00bb4.7.4&#8243; _module_preset=\u00bbdefault\u00bb][et_pb_text _builder_version=\u00bb4.7.4&#8243; _module_preset=\u00bbdefault\u00bb text_font_size=\u00bb19px\u00bb text_line_height=\u00bb2.2em\u00bb header_text_align=\u00bbcenter\u00bb header_3_font=\u00bb|700|||||||\u00bb header_3_text_align=\u00bbcenter\u00bb header_3_line_height=\u00bb1.4em\u00bb text_orientation=\u00bbcenter\u00bb filter_hue_rotate__hover_enabled=\u00bboff|hover\u00bb]<\/p>\n<h3>\u00bfQuieres leer despacio el material<br \/>\nde esta primera sesi\u00f3n?<\/h3>\n<p>Ahora puedes descargarlo&#8230;[\/et_pb_text][et_pb_button button_url=\u00bbhttp:\/\/cedis.org.es\/curso\/wp-content\/uploads\/2021\/02\/Institutos-Seculares-diversidad-de-carismas-2.pdf\u00bb url_new_window=\u00bbon\u00bb button_text=\u00bbDescargar pdf\u00bb button_alignment=\u00bbcenter\u00bb _builder_version=\u00bb4.7.4&#8243; _module_preset=\u00bbdefault\u00bb custom_button=\u00bbon\u00bb button_text_color=\u00bb#ffffff\u00bb button_bg_color=\u00bb#0bbfb3&#8243; button_border_width=\u00bb0px\u00bb button_border_radius=\u00bb56px\u00bb button_use_icon=\u00bboff\u00bb hover_enabled=\u00bb0&#8243; box_shadow_style=\u00bbpreset3&#8243; button_bg_color__hover_enabled=\u00bboff|hover\u00bb filter_hue_rotate__hover_enabled=\u00bbon|hover\u00bb filter_hue_rotate__hover=\u00bb155deg\u00bb sticky_enabled=\u00bb0&#8243;][\/et_pb_button][\/et_pb_column][et_pb_column type=\u00bb1_2&#8243; _builder_version=\u00bb4.7.4&#8243; _module_preset=\u00bbdefault\u00bb][et_pb_text _builder_version=\u00bb4.7.4&#8243; _module_preset=\u00bbdefault\u00bb text_font_size=\u00bb19px\u00bb text_line_height=\u00bb2.2em\u00bb header_text_align=\u00bbcenter\u00bb header_3_font=\u00bb|700|||||||\u00bb header_3_text_align=\u00bbcenter\u00bb header_3_line_height=\u00bb1.4em\u00bb text_orientation=\u00bbcenter\u00bb filter_hue_rotate__hover_enabled=\u00bboff|hover\u00bb]<\/p>\n<h3>\u00bfQuieres hacernos alguna pregunta?<br \/>\n\u00bfTienes dudas?<\/h3>\n<p>Ponte en contacto con nosotros&#8230;[\/et_pb_text][et_pb_button button_url=\u00bbhttp:\/\/cedis.org.es\/curso\/contacto\/\u00bb button_text=\u00bbEscr\u00edbenos ahora\u00bb button_alignment=\u00bbcenter\u00bb _builder_version=\u00bb4.7.4&#8243; _module_preset=\u00bbdefault\u00bb custom_button=\u00bbon\u00bb button_text_color=\u00bb#ffffff\u00bb button_bg_color=\u00bb#0bbfb3&#8243; button_border_width=\u00bb0px\u00bb button_border_radius=\u00bb56px\u00bb button_use_icon=\u00bboff\u00bb box_shadow_style=\u00bbpreset3&#8243; button_bg_color__hover_enabled=\u00bboff|hover\u00bb filter_hue_rotate__hover_enabled=\u00bbon|hover\u00bb filter_hue_rotate__hover=\u00bb155deg\u00bb][\/et_pb_button][\/et_pb_column][\/et_pb_row][\/et_pb_section]<\/p>\n","protected":false},"excerpt":{"rendered":"<p>Cada Instituto Secular con su propio carisma&#8230;Institutos Seculares: Diversidad de carismas 6 de febreroLa secularidad consagrada lleva impresa en su ADN la diversidad, realidad humana y social que la Iglesia, por inspiraci\u00f3n del Esp\u00edritu, nos encarga vivir como vocaci\u00f3n espec\u00edfica. \u00bfQu\u00e9 aporta al mundo y a la comunidad cristiana cada Instituto viviendo la diversidad como [&hellip;]<\/p>\n","protected":false},"author":1,"featured_media":0,"parent":0,"menu_order":0,"comment_status":"closed","ping_status":"closed","template":"","meta":{"_et_pb_use_builder":"on","_et_pb_old_content":"<!-- wp:divi\/placeholder \/-->","_et_gb_content_width":""},"_links":{"self":[{"href":"http:\/\/cedis.org.es\/curso\/wp-json\/wp\/v2\/pages\/84"}],"collection":[{"href":"http:\/\/cedis.org.es\/curso\/wp-json\/wp\/v2\/pages"}],"about":[{"href":"http:\/\/cedis.org.es\/curso\/wp-json\/wp\/v2\/types\/page"}],"author":[{"embeddable":true,"href":"http:\/\/cedis.org.es\/curso\/wp-json\/wp\/v2\/users\/1"}],"replies":[{"embeddable":true,"href":"http:\/\/cedis.org.es\/curso\/wp-json\/wp\/v2\/comments?post=84"}],"version-history":[{"count":22,"href":"http:\/\/cedis.org.es\/curso\/wp-json\/wp\/v2\/pages\/84\/revisions"}],"predecessor-version":[{"id":516,"href":"http:\/\/cedis.org.es\/curso\/wp-json\/wp\/v2\/pages\/84\/revisions\/516"}],"wp:attachment":[{"href":"http:\/\/cedis.org.es\/curso\/wp-json\/wp\/v2\/media?parent=84"}],"curies":[{"name":"wp","href":"https:\/\/api.w.org\/{rel}","templated":true}]}}