{"id":75,"date":"2020-12-10T22:16:50","date_gmt":"2020-12-10T22:16:50","guid":{"rendered":"http:\/\/cedis.org.es\/curso\/?page_id=75"},"modified":"2021-01-16T19:13:52","modified_gmt":"2021-01-16T19:13:52","slug":"vocacion","status":"publish","type":"page","link":"http:\/\/cedis.org.es\/curso\/vocacion\/","title":{"rendered":"1. La vocaci\u00f3n"},"content":{"rendered":"<p>[et_pb_section fb_built=\u00bb1&#8243; _builder_version=\u00bb4.7.4&#8243; _module_preset=\u00bbdefault\u00bb background_image=\u00bbhttp:\/\/cedis.org.es\/curso\/wp-content\/uploads\/2020\/12\/question-mark-2492009_1920.jpg\u00bb custom_padding=\u00bb||93px|||\u00bb][et_pb_row _builder_version=\u00bb4.7.4&#8243; _module_preset=\u00bbdefault\u00bb][et_pb_column type=\u00bb4_4&#8243; _builder_version=\u00bb4.7.4&#8243; _module_preset=\u00bbdefault\u00bb][et_pb_text _builder_version=\u00bb4.7.4&#8243; _module_preset=\u00bbdefault\u00bb text_font=\u00bbAcme||||||||\u00bb text_font_size=\u00bb70px\u00bb header_font=\u00bbAcme|700|||||||\u00bb header_text_align=\u00bbcenter\u00bb header_text_color=\u00bb#ffffff\u00bb header_font_size=\u00bb70px\u00bb header_letter_spacing__hover_enabled=\u00bbon|desktop\u00bb]<\/p>\n<h1>\u00bfSabes cu\u00e1l es tu misi\u00f3n?<\/h1>\n<p>[\/et_pb_text][\/et_pb_column][\/et_pb_row][\/et_pb_section][et_pb_section fb_built=\u00bb1&#8243; next_background_color=\u00bb#ffffff\u00bb _builder_version=\u00bb4.7.4&#8243; _module_preset=\u00bbdefault\u00bb background_color=\u00bb#0bb7b4&#8243; bottom_divider_style=\u00bbslant2&#8243;][et_pb_row _builder_version=\u00bb4.7.4&#8243; _module_preset=\u00bbdefault\u00bb custom_padding=\u00bb||47px|||\u00bb][et_pb_column type=\u00bb4_4&#8243; _builder_version=\u00bb4.7.4&#8243; _module_preset=\u00bbdefault\u00bb][et_pb_text _builder_version=\u00bb4.7.4&#8243; _module_preset=\u00bbdefault\u00bb header_font=\u00bb|300|||||||\u00bb header_text_align=\u00bbcenter\u00bb header_text_color=\u00bb#FFFFFF\u00bb header_font_size=\u00bb60px\u00bb header_line_height=\u00bb1.1em\u00bb header_4_font=\u00bb|300|||||||\u00bb header_4_text_align=\u00bbcenter\u00bb header_4_text_color=\u00bb#FFFFFF\u00bb header_4_line_height=\u00bb1.4em\u00bb header_5_font=\u00bb|300|||||||\u00bb header_5_text_align=\u00bbcenter\u00bb header_5_text_color=\u00bb#ffffff\u00bb header_5_font_size=\u00bb30px\u00bb header_5_line_height=\u00bb1.8em\u00bb custom_padding=\u00bb||33px|||\u00bb]<\/p>\n<h1>La <strong>vocaci\u00f3n<\/strong><\/h1>\n<h5>9 de enero<\/h5>\n<p>[\/et_pb_text][\/et_pb_column][\/et_pb_row][\/et_pb_section][et_pb_section fb_built=\u00bb1&#8243; _builder_version=\u00bb4.7.4&#8243; _module_preset=\u00bbdefault\u00bb custom_padding=\u00bb82px||103px|||\u00bb][et_pb_row column_structure=\u00bb1_2,1_2&#8243; _builder_version=\u00bb4.7.4&#8243; _module_preset=\u00bbdefault\u00bb][et_pb_column type=\u00bb1_2&#8243; _builder_version=\u00bb4.7.4&#8243; _module_preset=\u00bbdefault\u00bb][et_pb_video src=\u00bbhttps:\/\/youtu.be\/TyftDbKoyR0&#8243; _builder_version=\u00bb4.7.4&#8243; _module_preset=\u00bbdefault\u00bb][\/et_pb_video][\/et_pb_column][et_pb_column type=\u00bb1_2&#8243; _builder_version=\u00bb4.7.4&#8243; _module_preset=\u00bbdefault\u00bb][et_pb_text _builder_version=\u00bb4.7.4&#8243; _module_preset=\u00bbdefault\u00bb text_font_size=\u00bb18px\u00bb text_line_height=\u00bb1.8em\u00bb text_orientation=\u00bbcenter\u00bb]<\/p>\n<h2><strong>1. La vocaci\u00f3n<\/strong><\/h2>\n<p>Regalo, misterio, aventura, pasi\u00f3n&#8230; Son palabras que nos abren muchas expectativas. Pues todo esto y mucho m\u00e1s puede ser parte de tu vida si te atreves a descubrir cu\u00e1l es tu vocaci\u00f3n, cu\u00e1l es el sue\u00f1o de Dios para tu vida, cu\u00e1l es tu lugar en la historia, en la Iglesia, en el mundo.<\/p>\n<p>[\/et_pb_text][\/et_pb_column][\/et_pb_row][\/et_pb_section][et_pb_section fb_built=\u00bb1&#8243; prev_background_color=\u00bb#ffffff\u00bb disabled_on=\u00bboff|off|off\u00bb _builder_version=\u00bb4.7.4&#8243; _module_preset=\u00bbdefault\u00bb background_color=\u00bb#d8d8d8&#8243; background_image=\u00bbhttp:\/\/cedis.org.es\/curso\/wp-content\/uploads\/2020\/12\/Conectados-1200x628px-fcbk.jpg\u00bb background_blend=\u00bbscreen\u00bb custom_padding=\u00bb134px||132px|||\u00bb top_divider_style=\u00bbslant2&#8243;][et_pb_row column_structure=\u00bb1_2,1_2&#8243; disabled_on=\u00bboff|off|off\u00bb _builder_version=\u00bb4.7.4&#8243; _module_preset=\u00bbdefault\u00bb hover_enabled=\u00bb0&#8243; sticky_enabled=\u00bb0&#8243;][et_pb_column type=\u00bb1_2&#8243; _builder_version=\u00bb4.7.4&#8243; _module_preset=\u00bbdefault\u00bb][et_pb_text _builder_version=\u00bb4.7.4&#8243; _module_preset=\u00bbdefault\u00bb text_font_size=\u00bb19px\u00bb text_line_height=\u00bb2.2em\u00bb header_text_align=\u00bbcenter\u00bb header_3_font=\u00bb|700|||||||\u00bb header_3_text_align=\u00bbcenter\u00bb header_3_line_height=\u00bb1.4em\u00bb text_orientation=\u00bbcenter\u00bb filter_hue_rotate__hover_enabled=\u00bboff|hover\u00bb]<\/p>\n<h3>\u00bfQuieres leer despacio el material<br \/>\nde esta primera sesi\u00f3n?<\/h3>\n<p>Ahora puedes descargarlo&#8230;[\/et_pb_text][et_pb_button button_url=\u00bbhttp:\/\/cedis.org.es\/curso\/wp-content\/uploads\/2021\/01\/LA-VOCACION-CEDIS-9-ENERO-COMPLETO.pdf\u00bb url_new_window=\u00bbon\u00bb button_text=\u00bbDescargar pdf\u00bb button_alignment=\u00bbcenter\u00bb _builder_version=\u00bb4.7.4&#8243; _module_preset=\u00bbdefault\u00bb custom_button=\u00bbon\u00bb button_text_color=\u00bb#ffffff\u00bb button_bg_color=\u00bb#0bbfb3&#8243; button_border_width=\u00bb0px\u00bb button_border_radius=\u00bb56px\u00bb button_use_icon=\u00bboff\u00bb box_shadow_style=\u00bbpreset3&#8243; button_bg_color__hover_enabled=\u00bboff|hover\u00bb filter_hue_rotate__hover_enabled=\u00bbon|hover\u00bb filter_hue_rotate__hover=\u00bb155deg\u00bb][\/et_pb_button][\/et_pb_column][et_pb_column type=\u00bb1_2&#8243; _builder_version=\u00bb4.7.4&#8243; _module_preset=\u00bbdefault\u00bb][et_pb_text _builder_version=\u00bb4.7.4&#8243; _module_preset=\u00bbdefault\u00bb text_font_size=\u00bb19px\u00bb text_line_height=\u00bb2.2em\u00bb header_text_align=\u00bbcenter\u00bb header_3_font=\u00bb|700|||||||\u00bb header_3_text_align=\u00bbcenter\u00bb header_3_line_height=\u00bb1.4em\u00bb text_orientation=\u00bbcenter\u00bb hover_enabled=\u00bb0&#8243; filter_hue_rotate__hover_enabled=\u00bboff|hover\u00bb sticky_enabled=\u00bb0&#8243;]<\/p>\n<h3>\u00bfQuieres hacernos alguna pregunta?<br \/>\n\u00bfTienes dudas?<\/h3>\n<p>Ponte en contacto con nosotros&#8230;[\/et_pb_text][et_pb_button button_url=\u00bbhttp:\/\/cedis.org.es\/curso\/contacto\/\u00bb button_text=\u00bbEscr\u00edbenos ahora\u00bb button_alignment=\u00bbcenter\u00bb _builder_version=\u00bb4.7.4&#8243; _module_preset=\u00bbdefault\u00bb custom_button=\u00bbon\u00bb button_text_color=\u00bb#ffffff\u00bb button_bg_color=\u00bb#0bbfb3&#8243; button_border_width=\u00bb0px\u00bb button_border_radius=\u00bb56px\u00bb button_use_icon=\u00bboff\u00bb box_shadow_style=\u00bbpreset3&#8243; button_bg_color__hover_enabled=\u00bboff|hover\u00bb filter_hue_rotate__hover_enabled=\u00bbon|hover\u00bb filter_hue_rotate__hover=\u00bb155deg\u00bb][\/et_pb_button][\/et_pb_column][\/et_pb_row][\/et_pb_section]<\/p>\n","protected":false},"excerpt":{"rendered":"<p>\u00bfSabes cu\u00e1l es tu misi\u00f3n?La vocaci\u00f3n 9 de enero1. La vocaci\u00f3n Regalo, misterio, aventura, pasi\u00f3n&#8230; Son palabras que nos abren muchas expectativas. Pues todo esto y mucho m\u00e1s puede ser parte de tu vida si te atreves a descubrir cu\u00e1l es tu vocaci\u00f3n, cu\u00e1l es el sue\u00f1o de Dios para tu vida, cu\u00e1l es tu [&hellip;]<\/p>\n","protected":false},"author":1,"featured_media":283,"parent":0,"menu_order":0,"comment_status":"closed","ping_status":"closed","template":"","meta":{"_et_pb_use_builder":"on","_et_pb_old_content":"<!-- wp:divi\/placeholder \/-->","_et_gb_content_width":""},"_links":{"self":[{"href":"http:\/\/cedis.org.es\/curso\/wp-json\/wp\/v2\/pages\/75"}],"collection":[{"href":"http:\/\/cedis.org.es\/curso\/wp-json\/wp\/v2\/pages"}],"about":[{"href":"http:\/\/cedis.org.es\/curso\/wp-json\/wp\/v2\/types\/page"}],"author":[{"embeddable":true,"href":"http:\/\/cedis.org.es\/curso\/wp-json\/wp\/v2\/users\/1"}],"replies":[{"embeddable":true,"href":"http:\/\/cedis.org.es\/curso\/wp-json\/wp\/v2\/comments?post=75"}],"version-history":[{"count":28,"href":"http:\/\/cedis.org.es\/curso\/wp-json\/wp\/v2\/pages\/75\/revisions"}],"predecessor-version":[{"id":478,"href":"http:\/\/cedis.org.es\/curso\/wp-json\/wp\/v2\/pages\/75\/revisions\/478"}],"wp:featuredmedia":[{"embeddable":true,"href":"http:\/\/cedis.org.es\/curso\/wp-json\/wp\/v2\/media\/283"}],"wp:attachment":[{"href":"http:\/\/cedis.org.es\/curso\/wp-json\/wp\/v2\/media?parent=75"}],"curies":[{"name":"wp","href":"https:\/\/api.w.org\/{rel}","templated":true}]}}