{"id":5,"date":"2020-12-07T21:48:22","date_gmt":"2020-12-07T21:48:22","guid":{"rendered":"http:\/\/cedis.org.es\/curso\/?page_id=5"},"modified":"2021-02-05T11:35:14","modified_gmt":"2021-02-05T11:35:14","slug":"home","status":"publish","type":"page","link":"http:\/\/cedis.org.es\/curso\/","title":{"rendered":"Home"},"content":{"rendered":"<p>[et_pb_section fb_built=\u00bb1&#8243; next_background_color=\u00bb#0bb7b4&#8243; _builder_version=\u00bb4.7.4&#8243; _module_preset=\u00bbdefault\u00bb background_color=\u00bbrgba(0,0,0,0.76)\u00bb background_image=\u00bbhttp:\/\/cedis.org.es\/curso\/wp-content\/uploads\/2020\/12\/bricks-459299_1920.jpg\u00bb background_blend=\u00bbmultiply\u00bb custom_padding=\u00bb44px||154px|||\u00bb bottom_divider_style=\u00bbarrow3&#8243; background_last_edited=\u00bbon|tablet\u00bb parallax_phone=\u00bboff\u00bb background_size_tablet=\u00bbcover\u00bb background_size_phone=\u00bbcover\u00bb][et_pb_row _builder_version=\u00bb4.7.4&#8243; _module_preset=\u00bbdefault\u00bb custom_margin=\u00bb0px|auto||auto||\u00bb custom_padding=\u00bb0px|||||\u00bb][et_pb_column type=\u00bb4_4&#8243; _builder_version=\u00bb4.7.4&#8243; _module_preset=\u00bbdefault\u00bb][et_pb_image src=\u00bbhttp:\/\/cedis.org.es\/curso\/wp-content\/uploads\/2020\/12\/letras-home.png\u00bb title_text=\u00bbletras home\u00bb _builder_version=\u00bb4.7.4&#8243; _module_preset=\u00bbdefault\u00bb custom_padding=\u00bb0px|||||\u00bb][\/et_pb_image][\/et_pb_column][\/et_pb_row][\/et_pb_section][et_pb_section fb_built=\u00bb1&#8243; _builder_version=\u00bb4.7.4&#8243; _module_preset=\u00bbdefault\u00bb background_color=\u00bb#0bb7b4&#8243; custom_padding=\u00bb72px||43px|||\u00bb][et_pb_row _builder_version=\u00bb4.7.4&#8243; _module_preset=\u00bbdefault\u00bb][et_pb_column type=\u00bb4_4&#8243; _builder_version=\u00bb4.7.4&#8243; _module_preset=\u00bbdefault\u00bb][et_pb_text _builder_version=\u00bb4.7.4&#8243; _module_preset=\u00bbdefault\u00bb header_4_font=\u00bb|300|||||||\u00bb header_4_text_align=\u00bbcenter\u00bb header_4_text_color=\u00bb#FFFFFF\u00bb header_4_font_size=\u00bb27px\u00bb header_4_line_height=\u00bb1.4em\u00bb animation_style=\u00bbslide\u00bb animation_direction=\u00bbtop\u00bb]<\/p>\n<h4><span>En este tiempo de pandemia, crisis, mascarillas y distancias en el que estamos <strong>conectados a trav\u00e9s de internet<\/strong> y estamos tan metidos en las redes, <strong>Jes\u00fas<\/strong> sigue paseando por la orilla de nuestra vida, sin mascarilla, m\u00e1s conectado a\u00fan con nosotros, para decirnos como a los ap\u00f3stoles pescadores: <em><strong>\u201cVen conmigo\u201d<\/strong><\/em>\u2026<\/span><\/h4>\n<p>[\/et_pb_text][\/et_pb_column][\/et_pb_row][\/et_pb_section][et_pb_section fb_built=\u00bb1&#8243; prev_background_color=\u00bb#0bb7b4&#8243; _builder_version=\u00bb4.7.4&#8243; _module_preset=\u00bbdefault\u00bb background_color=\u00bb#005652&#8243; background_image=\u00bbhttp:\/\/cedis.org.es\/curso\/wp-content\/uploads\/2020\/12\/student-849825_1920.jpg\u00bb background_blend=\u00bbmultiply\u00bb background_enable_video_mp4=\u00bboff\u00bb background_video_pause_outside_viewport=\u00bboff\u00bb custom_padding=\u00bb162px||102px|||\u00bb top_divider_style=\u00bbslant\u00bb top_divider_repeat=\u00bb0x\u00bb][et_pb_row _builder_version=\u00bb4.7.4&#8243; _module_preset=\u00bbdefault\u00bb][et_pb_column type=\u00bb4_4&#8243; _builder_version=\u00bb4.7.4&#8243; _module_preset=\u00bbdefault\u00bb][et_pb_text disabled_on=\u00bboff|off|off\u00bb _builder_version=\u00bb4.7.4&#8243; _module_preset=\u00bbdefault\u00bb text_font=\u00bb|300||on|||||\u00bb text_text_color=\u00bb#FFFFFF\u00bb text_font_size=\u00bb30px\u00bb text_line_height=\u00bb1.8em\u00bb text_orientation=\u00bbcenter\u00bb animation_style=\u00bbzoom\u00bb animation_direction=\u00bbtop\u00bb]<\/p>\n<p><span><strong>\u00abConectados a trav\u00e9s de la vocaci\u00f3n\u00bb<\/strong> es un<br \/> breve <strong>ciclo de encuentros online<\/strong> para conocer m\u00e1s de cerca<br \/> la <strong>vocaci\u00f3n<\/strong> a seguir a <strong>Cristo<\/strong> en los <strong>Institutos Seculares<\/strong>.<\/span><\/p>\n<p>[\/et_pb_text][\/et_pb_column][\/et_pb_row][\/et_pb_section][et_pb_section fb_built=\u00bb1&#8243; _builder_version=\u00bb4.7.4&#8243; _module_preset=\u00bbdefault\u00bb custom_padding=\u00bb69px||85px|||\u00bb bottom_divider_style=\u00bbarrow2&#8243; bottom_divider_color=\u00bb#d6d6d6&#8243; bottom_divider_height=\u00bb200px\u00bb][et_pb_row _builder_version=\u00bb4.7.4&#8243; _module_preset=\u00bbdefault\u00bb animation_style=\u00bbfade\u00bb][et_pb_column type=\u00bb4_4&#8243; _builder_version=\u00bb4.7.4&#8243; _module_preset=\u00bbdefault\u00bb][et_pb_text _builder_version=\u00bb4.7.4&#8243; _module_preset=\u00bbdefault\u00bb header_font=\u00bb|300||on|||||\u00bb header_text_align=\u00bbcenter\u00bb header_text_color=\u00bb#0bb7b4&#8243; header_font_size=\u00bb45px\u00bb]<\/p>\n<h1><span style=\"color: #999999;\">qu\u00e9 son los<\/span><br \/> <strong>institutos seculares<\/strong><\/h1>\n<p>[\/et_pb_text][et_pb_text _builder_version=\u00bb4.7.4&#8243; _module_preset=\u00bbdefault\u00bb header_font=\u00bb|300||on|||||\u00bb header_text_align=\u00bbcenter\u00bb header_text_color=\u00bb#0bb7b4&#8243; header_font_size=\u00bb26px\u00bb header_line_height=\u00bb1.3em\u00bb custom_margin=\u00bb||29px|||\u00bb]<\/p>\n<h1><span>Desde el <strong>mundo<\/strong> y para el mundo,<br \/> apasionados por \u00e9l y por Dios, por Dios en el mundo y<br \/> por un mundo para <strong>Dios<\/strong>.<\/span><\/h1>\n<p>[\/et_pb_text][\/et_pb_column][\/et_pb_row][et_pb_row column_structure=\u00bb1_3,1_3,1_3&#8243; _builder_version=\u00bb4.7.4&#8243; _module_preset=\u00bbdefault\u00bb][et_pb_column type=\u00bb1_3&#8243; _builder_version=\u00bb4.7.4&#8243; _module_preset=\u00bbdefault\u00bb][et_pb_blurb title=\u00bb\u00bfCu\u00e1ndo?\u00bb use_icon=\u00bbon\u00bb font_icon=\u00bb%%128%%\u00bb _builder_version=\u00bb4.7.4&#8243; _module_preset=\u00bbdefault\u00bb header_font=\u00bb|800||on|||||\u00bb header_text_align=\u00bbcenter\u00bb header_text_color=\u00bb#8f8f8f\u00bb header_font_size=\u00bb25px\u00bb header_line_height=\u00bb2em\u00bb body_font=\u00bb|300|||||||\u00bb body_text_align=\u00bbcenter\u00bb body_font_size=\u00bb17px\u00bb animation_style=\u00bbslide\u00bb animation_direction=\u00bbleft\u00bb filter_hue_rotate__hover_enabled=\u00bbon|hover\u00bb filter_hue_rotate__hover=\u00bb153deg\u00bb]<\/p>\n<p><span>Preparado por la <strong>Conferencia Espa\u00f1ola de Institutos Seculares<\/strong>, se desarrollar\u00e1 en cinco sesiones, los <strong>s\u00e1bados del mes de enero<\/strong>, <strong>a partir del d\u00eda 9<\/strong>, siendo el \u00faltimo el 6 de febrero. Puedes seguirlos por nuestro canal de\u00a0<a href=\"https:\/\/www.youtube.com\/channel\/UCfomPFpbzI3JFVAjR1bcOGQ\" target=\"_blank\" rel=\"noopener noreferrer\"><strong>YouTube<\/strong><\/a> de manera completamente <strong>gratuita y abierta.<\/strong>\u00a0<\/span><\/p>\n<p>[\/et_pb_blurb][\/et_pb_column][et_pb_column type=\u00bb1_3&#8243; _builder_version=\u00bb4.7.4&#8243; _module_preset=\u00bbdefault\u00bb][et_pb_blurb title=\u00bb\u00bfa qu\u00e9 hora?\u00bb use_icon=\u00bbon\u00bb font_icon=\u00bb%%373%%\u00bb _builder_version=\u00bb4.7.4&#8243; _module_preset=\u00bbdefault\u00bb header_font=\u00bb|800||on|||||\u00bb header_text_align=\u00bbcenter\u00bb header_text_color=\u00bb#8f8f8f\u00bb header_font_size=\u00bb25px\u00bb header_line_height=\u00bb2em\u00bb body_font=\u00bb|300|||||||\u00bb body_text_align=\u00bbcenter\u00bb body_font_size=\u00bb17px\u00bb animation_style=\u00bbslide\u00bb animation_direction=\u00bbbottom\u00bb filter_hue_rotate__hover_enabled=\u00bbon|hover\u00bb filter_hue_rotate__hover=\u00bb153deg\u00bb]<\/p>\n<p><span>Cada uno de los cinco s\u00e1bados, siempre <strong>de 18 a 19 hs. (hora espa\u00f1ola)<\/strong>, trataremos un interesante tema, contaremos con <strong>canciones, testimonios y la posibilidad de interactuar<\/strong> mediante el env\u00edo de mensajes, preguntas o dudas.<\/span><\/p>\n<p>[\/et_pb_blurb][\/et_pb_column][et_pb_column type=\u00bb1_3&#8243; _builder_version=\u00bb4.7.4&#8243; _module_preset=\u00bbdefault\u00bb][et_pb_blurb title=\u00bb\u00bfLaicos consagrados?\u00bb use_icon=\u00bbon\u00bb font_icon=\u00bb%%141%%\u00bb _builder_version=\u00bb4.7.4&#8243; _module_preset=\u00bbdefault\u00bb header_font=\u00bb|800||on|||||\u00bb header_text_align=\u00bbcenter\u00bb header_text_color=\u00bb#8f8f8f\u00bb header_font_size=\u00bb25px\u00bb header_line_height=\u00bb2em\u00bb body_font=\u00bb|300|||||||\u00bb body_text_align=\u00bbcenter\u00bb body_font_size=\u00bb17px\u00bb animation_style=\u00bbslide\u00bb animation_direction=\u00bbright\u00bb filter_hue_rotate__hover_enabled=\u00bbon|hover\u00bb filter_hue_rotate__hover=\u00bb153deg\u00bb]<\/p>\n<p><span>Podr\u00e1s descubrir la <strong>fascinante aventura de los institutos seculares<\/strong>: una <strong>vida consagrada a Dios<\/strong>, como cualquier monja, fraile o contemplativos, pero sin dejar el mundo, viviendo como <strong>laicos<\/strong>, sin dejar de serlo: <strong>en tu propia profesi\u00f3n<\/strong> de abogado, m\u00e9dico, maestra, empresario, artista\u2026<\/span><\/p>\n<p>[\/et_pb_blurb][\/et_pb_column][\/et_pb_row][et_pb_row _builder_version=\u00bb4.7.4&#8243; _module_preset=\u00bbdefault\u00bb][et_pb_column type=\u00bb4_4&#8243; _builder_version=\u00bb4.7.4&#8243; _module_preset=\u00bbdefault\u00bb][et_pb_button button_url=\u00bbhttp:\/\/cedis.org.es\/curso\/wp-content\/uploads\/2020\/12\/cartel-curso-CEDIS-online2.jpg\u00bb url_new_window=\u00bbon\u00bb button_text=\u00bb\u00a1Descarga el cartel!\u00bb button_alignment=\u00bbcenter\u00bb _builder_version=\u00bb4.7.4&#8243; _module_preset=\u00bbdefault\u00bb custom_button=\u00bbon\u00bb button_text_color=\u00bb#ffffff\u00bb button_bg_color=\u00bb#0db9e0&#8243; button_border_width=\u00bb10px\u00bb button_border_color=\u00bb#0db9e0&#8243; button_border_radius=\u00bb62px\u00bb button_letter_spacing=\u00bb1px\u00bb button_font=\u00bb|||on|||||\u00bb button_use_icon=\u00bboff\u00bb custom_margin=\u00bb||62px|||\u00bb filter_hue_rotate__hover_enabled=\u00bbon|hover\u00bb filter_hue_rotate__hover=\u00bb134deg\u00bb][\/et_pb_button][et_pb_text _builder_version=\u00bb4.7.4&#8243; _module_preset=\u00bbdefault\u00bb text_font_size=\u00bb28px\u00bb text_orientation=\u00bbcenter\u00bb]<\/p>\n<p>S\u00edguenos en redes sociales\u00a0<\/p>\n<p>[\/et_pb_text][et_pb_social_media_follow use_icon_font_size=\u00bbon\u00bb icon_font_size=\u00bb24px\u00bb _builder_version=\u00bb4.7.4&#8243; _module_preset=\u00bbdefault\u00bb text_orientation=\u00bbcenter\u00bb border_radii=\u00bbon|9px|9px|9px|9px\u00bb][et_pb_social_media_follow_network social_network=\u00bbfacebook\u00bb url=\u00bbhttps:\/\/www.facebook.com\/conferenciaespanoladeinstitutosseculares\/\u00bb _builder_version=\u00bb4.7.4&#8243; _module_preset=\u00bbdefault\u00bb background_color=\u00bbrgba(143,143,143,0.45)\u00bb background_enable_color=\u00bbon\u00bb border_radii=\u00bbon|50px|50px|50px|50px\u00bb follow_button=\u00bboff\u00bb url_new_window=\u00bbon\u00bb]facebook[\/et_pb_social_media_follow_network][et_pb_social_media_follow_network social_network=\u00bbtwitter\u00bb url=\u00bbhttps:\/\/twitter.com\/ced_is\u00bb _builder_version=\u00bb4.7.4&#8243; _module_preset=\u00bbdefault\u00bb background_color=\u00bbrgba(143,143,143,0.45)\u00bb background_enable_color=\u00bbon\u00bb border_radii=\u00bbon|50px|50px|50px|50px\u00bb follow_button=\u00bboff\u00bb url_new_window=\u00bbon\u00bb]twitter[\/et_pb_social_media_follow_network][et_pb_social_media_follow_network social_network=\u00bbinstagram\u00bb url=\u00bbhttps:\/\/www.instagram.com\/cedis.institutos.seculares\/\u00bb _builder_version=\u00bb4.7.4&#8243; _module_preset=\u00bbdefault\u00bb background_color=\u00bbrgba(143,143,143,0.45)\u00bb background_enable_color=\u00bbon\u00bb border_radii=\u00bbon|50px|50px|50px|50px\u00bb follow_button=\u00bboff\u00bb url_new_window=\u00bbon\u00bb]instagram[\/et_pb_social_media_follow_network][et_pb_social_media_follow_network social_network=\u00bbyoutube\u00bb url=\u00bbhttps:\/\/www.youtube.com\/c\/ConferenciaEspa\u00f1oladeInstitutosSeculares\u00bb _builder_version=\u00bb4.7.4&#8243; _module_preset=\u00bbdefault\u00bb background_color=\u00bbrgba(143,143,143,0.45)\u00bb background_enable_color=\u00bbon\u00bb border_radii=\u00bbon|50px|50px|50px|50px\u00bb follow_button=\u00bboff\u00bb url_new_window=\u00bbon\u00bb]youtube[\/et_pb_social_media_follow_network][\/et_pb_social_media_follow][\/et_pb_column][\/et_pb_row][\/et_pb_section][et_pb_section fb_built=\u00bb1&#8243; _builder_version=\u00bb4.7.4&#8243; _module_preset=\u00bbdefault\u00bb use_background_color_gradient=\u00bbon\u00bb background_color_gradient_start=\u00bb#d6d6d6&#8243; background_color_gradient_end=\u00bbrgba(255,255,255,0.84)\u00bb background_image=\u00bbhttp:\/\/cedis.org.es\/curso\/wp-content\/uploads\/2020\/12\/Conectados-1200x628px-fcbk.jpg\u00bb background_blend=\u00bbscreen\u00bb custom_padding=\u00bb14px||0px||false|\u00bb top_divider_flip=\u00bbvertical\u00bb bottom_divider_color=\u00bb#141414&#8243;][et_pb_row _builder_version=\u00bb4.7.4&#8243; _module_preset=\u00bbdefault\u00bb custom_padding=\u00bb71px|||||\u00bb][et_pb_column type=\u00bb4_4&#8243; _builder_version=\u00bb4.7.4&#8243; _module_preset=\u00bbdefault\u00bb][et_pb_text _builder_version=\u00bb4.7.4&#8243; _module_preset=\u00bbdefault\u00bb text_text_color=\u00bb#0bb7b4&#8243; header_3_font=\u00bb|300|||||||\u00bb header_3_text_align=\u00bbcenter\u00bb header_3_text_color=\u00bb#0bb7b4&#8243; header_3_font_size=\u00bb50px\u00bb header_3_line_height=\u00bb1.1em\u00bb animation_style=\u00bbslide\u00bb animation_direction=\u00bbbottom\u00bb]<\/p>\n<h3>\u00bfQu\u00e9 <strong>temas<\/strong> vamos a tratar<br \/> en estos <strong>cinco encuentros<\/strong>?<\/h3>\n<p>[\/et_pb_text][\/et_pb_column][\/et_pb_row][et_pb_row column_structure=\u00bb1_5,1_5,1_5,1_5,1_5&#8243; _builder_version=\u00bb4.7.4&#8243; _module_preset=\u00bbdefault\u00bb custom_margin=\u00bb30px|auto||auto||\u00bb][et_pb_column type=\u00bb1_5&#8243; _builder_version=\u00bb4.7.4&#8243; _module_preset=\u00bbdefault\u00bb][et_pb_blurb title=\u00bb9 de enero\u00bb use_icon=\u00bbon\u00bb font_icon=\u00bb%%150%%\u00bb _builder_version=\u00bb4.7.4&#8243; _module_preset=\u00bbdefault\u00bb header_level=\u00bbh3&#8243; header_font=\u00bb|700|||||||\u00bb header_text_align=\u00bbcenter\u00bb header_text_color=\u00bb#e06100&#8243; header_font_size=\u00bb20px\u00bb body_text_align=\u00bbcenter\u00bb body_text_color=\u00bb#808080&#8243; body_font_size=\u00bb17px\u00bb custom_padding=\u00bb36px|||||\u00bb animation_style=\u00bbslide\u00bb animation_direction=\u00bbleft\u00bb link_option_url=\u00bbhttp:\/\/cedis.org.es\/curso\/vocacion\/\u00bb filter_blur__hover_enabled=\u00bboff|desktop\u00bb filter_blur__hover=\u00bb1px\u00bb filter_contrast__hover_enabled=\u00bboff|desktop\u00bb filter_hue_rotate__hover_enabled=\u00bbon|hover\u00bb filter_hue_rotate__hover=\u00bb153deg\u00bb]<\/p>\n<h4><strong>1. La vocaci\u00f3n<\/strong><\/h4>\n<p><span>Sentir la llamada personal de Dios<\/span><\/p>\n<p>[\/et_pb_blurb][\/et_pb_column][et_pb_column type=\u00bb1_5&#8243; _builder_version=\u00bb4.7.4&#8243; _module_preset=\u00bbdefault\u00bb][et_pb_blurb title=\u00bb16 de enero\u00bb use_icon=\u00bbon\u00bb font_icon=\u00bb%%150%%\u00bb _builder_version=\u00bb4.7.4&#8243; _module_preset=\u00bbdefault\u00bb header_level=\u00bbh3&#8243; header_font=\u00bb|700|||||||\u00bb header_text_align=\u00bbcenter\u00bb header_text_color=\u00bb#e06100&#8243; header_font_size=\u00bb20px\u00bb body_text_align=\u00bbcenter\u00bb body_text_color=\u00bb#808080&#8243; body_font_size=\u00bb17px\u00bb custom_padding=\u00bb0px|||||\u00bb animation_style=\u00bbslide\u00bb animation_direction=\u00bbleft\u00bb link_option_url=\u00bbhttp:\/\/cedis.org.es\/curso\/consejos-evangelicos\/\u00bb filter_blur__hover_enabled=\u00bboff|desktop\u00bb filter_blur__hover=\u00bb1px\u00bb filter_contrast__hover_enabled=\u00bboff|desktop\u00bb filter_hue_rotate__hover_enabled=\u00bbon|hover\u00bb filter_hue_rotate__hover=\u00bb153deg\u00bb child_filter_hue_rotate__hover_enabled=\u00bbon|hover\u00bb child_filter_hue_rotate__hover=\u00bb153deg\u00bb]<\/p>\n<h4><strong>2. Consejos Evang\u00e9licos<\/strong><\/h4>\n<p><span>Castidad, pobreza y obediencia<\/span><\/p>\n<p>[\/et_pb_blurb][\/et_pb_column][et_pb_column type=\u00bb1_5&#8243; _builder_version=\u00bb4.7.4&#8243; _module_preset=\u00bbdefault\u00bb][et_pb_blurb title=\u00bb23 de enero\u00bb use_icon=\u00bbon\u00bb font_icon=\u00bb%%150%%\u00bb _builder_version=\u00bb4.7.4&#8243; _module_preset=\u00bbdefault\u00bb header_level=\u00bbh3&#8243; header_font=\u00bb|700|||||||\u00bb header_text_align=\u00bbcenter\u00bb header_text_color=\u00bb#e06100&#8243; header_font_size=\u00bb20px\u00bb body_text_align=\u00bbcenter\u00bb body_text_color=\u00bb#808080&#8243; body_font_size=\u00bb17px\u00bb custom_padding=\u00bb57px|||||\u00bb animation_style=\u00bbslide\u00bb animation_direction=\u00bbtop\u00bb link_option_url=\u00bbhttp:\/\/cedis.org.es\/curso\/formas-vida-consagrada\/\u00bb filter_blur__hover_enabled=\u00bboff|desktop\u00bb filter_blur__hover=\u00bb1px\u00bb filter_contrast__hover_enabled=\u00bboff|desktop\u00bb filter_hue_rotate__hover_enabled=\u00bbon|hover\u00bb filter_hue_rotate__hover=\u00bb230deg\u00bb]<\/p>\n<h4><strong>3. Formas de vida consagrada<\/strong><\/h4>\n<p><span>En la Iglesia<\/span><\/p>\n<p>[\/et_pb_blurb][\/et_pb_column][et_pb_column type=\u00bb1_5&#8243; _builder_version=\u00bb4.7.4&#8243; _module_preset=\u00bbdefault\u00bb][et_pb_blurb title=\u00bb30 de enero\u00bb use_icon=\u00bbon\u00bb font_icon=\u00bb%%150%%\u00bb _builder_version=\u00bb4.7.4&#8243; _module_preset=\u00bbdefault\u00bb header_level=\u00bbh3&#8243; header_font=\u00bb|700|||||||\u00bb header_text_align=\u00bbcenter\u00bb header_text_color=\u00bb#e06100&#8243; header_font_size=\u00bb20px\u00bb body_text_align=\u00bbcenter\u00bb body_text_color=\u00bb#808080&#8243; body_font_size=\u00bb17px\u00bb custom_padding=\u00bb20px|||||\u00bb animation_style=\u00bbslide\u00bb animation_direction=\u00bbright\u00bb link_option_url=\u00bbhttp:\/\/cedis.org.es\/curso\/secularidad-consagrada\/\u00bb filter_blur__hover_enabled=\u00bboff|desktop\u00bb filter_blur__hover=\u00bb1px\u00bb filter_contrast__hover_enabled=\u00bboff|desktop\u00bb filter_hue_rotate__hover_enabled=\u00bbon|hover\u00bb filter_hue_rotate__hover=\u00bb203deg\u00bb]<\/p>\n<h4><strong>4. Secularidad Consagrada<\/strong><\/h4>\n<p>Los Institutos Seculares<\/p>\n<p>[\/et_pb_blurb][\/et_pb_column][et_pb_column type=\u00bb1_5&#8243; _builder_version=\u00bb4.7.4&#8243; _module_preset=\u00bbdefault\u00bb][et_pb_blurb title=\u00bb6 de febrero\u00bb use_icon=\u00bbon\u00bb font_icon=\u00bb%%150%%\u00bb _builder_version=\u00bb4.7.4&#8243; _module_preset=\u00bbdefault\u00bb header_level=\u00bbh3&#8243; header_font=\u00bb|700|||||||\u00bb header_text_align=\u00bbcenter\u00bb header_text_color=\u00bb#e06100&#8243; header_font_size=\u00bb20px\u00bb body_text_align=\u00bbcenter\u00bb body_text_color=\u00bb#808080&#8243; body_font_size=\u00bb17px\u00bb custom_padding=\u00bb73px|||||\u00bb animation_style=\u00bbslide\u00bb animation_direction=\u00bbright\u00bb link_option_url=\u00bbhttp:\/\/cedis.org.es\/curso\/diversidad-de-carismas\/\u00bb hover_enabled=\u00bb0&#8243; filter_blur__hover_enabled=\u00bboff|desktop\u00bb filter_blur__hover=\u00bb1px\u00bb filter_contrast__hover_enabled=\u00bboff|desktop\u00bb filter_hue_rotate__hover_enabled=\u00bbon|hover\u00bb filter_hue_rotate__hover=\u00bb104deg\u00bb sticky_enabled=\u00bb0&#8243;]<\/p>\n<h4><strong>5. Institutos Seculares:<\/strong><\/h4>\n<p>Diversidad de carismas<\/p>\n<p>[\/et_pb_blurb][\/et_pb_column][\/et_pb_row][\/et_pb_section][et_pb_section fb_built=\u00bb1&#8243; prev_background_color=\u00bb#ffffff\u00bb _builder_version=\u00bb4.7.4&#8243; _module_preset=\u00bbdefault\u00bb background_color=\u00bb#dddddd\u00bb custom_padding=\u00bb137px||189px|||\u00bb top_divider_style=\u00bbarrow\u00bb bottom_divider_style=\u00bbarrow3&#8243; bottom_divider_color=\u00bbrgba(15,15,15,0.98)\u00bb bottom_divider_flip=\u00bbvertical\u00bb][et_pb_row _builder_version=\u00bb4.7.4&#8243; _module_preset=\u00bbdefault\u00bb custom_margin=\u00bb22px|auto||auto||\u00bb animation_style=\u00bbslide\u00bb][et_pb_column type=\u00bb4_4&#8243; _builder_version=\u00bb4.7.4&#8243; _module_preset=\u00bbdefault\u00bb][et_pb_text _builder_version=\u00bb4.7.4&#8243; _module_preset=\u00bbdefault\u00bb text_font=\u00bb|300|||||||\u00bb text_font_size=\u00bb20px\u00bb text_line_height=\u00bb1.8em\u00bb header_3_font=\u00bb|800||on|||||\u00bb header_3_text_align=\u00bbcenter\u00bb header_3_text_color=\u00bb#0bb7b4&#8243; header_3_font_size=\u00bb36px\u00bb header_3_line_height=\u00bb1.3em\u00bb header_5_text_align=\u00bbcenter\u00bb header_5_font_size=\u00bb20px\u00bb header_5_line_height=\u00bb1.7em\u00bb text_orientation=\u00bbcenter\u00bb]<\/p>\n<h3>\u00a1A todos los que quer\u00e1is conectaros<br \/> a trav\u00e9s de la vocaci\u00f3n, sed bienvenidos!<\/h3>\n<p>&nbsp;<\/p>\n<p>\u00a1Si sientes <strong>curiosidad<\/strong> por ello, esta es tu oportunidad!<br \/> Conoce los <strong>institutos seculares<\/strong> a trav\u00e9s de los <strong>laicos consagrados<\/strong> en muchos de ellos,<br \/> escucha sus <em>testimonios, canciones y oraciones<\/em>. <strong>En directo<\/strong>.<br \/> Queremos <strong>compartir<\/strong> contigo esta vocaci\u00f3n.<\/p>\n<p>[\/et_pb_text][\/et_pb_column][\/et_pb_row][\/et_pb_section]<\/p>\n","protected":false},"excerpt":{"rendered":"<p>En este tiempo de pandemia, crisis, mascarillas y distancias en el que estamos conectados a trav\u00e9s de internet y estamos tan metidos en las redes, Jes\u00fas sigue paseando por la orilla de nuestra vida, sin mascarilla, m\u00e1s conectado a\u00fan con nosotros, para decirnos como a los ap\u00f3stoles pescadores: \u201cVen conmigo\u201d\u2026\u00bbConectados a trav\u00e9s de la vocaci\u00f3n\u00bb [&hellip;]<\/p>\n","protected":false},"author":1,"featured_media":0,"parent":0,"menu_order":0,"comment_status":"closed","ping_status":"closed","template":"","meta":{"_et_pb_use_builder":"on","_et_pb_old_content":"","_et_gb_content_width":""},"_links":{"self":[{"href":"http:\/\/cedis.org.es\/curso\/wp-json\/wp\/v2\/pages\/5"}],"collection":[{"href":"http:\/\/cedis.org.es\/curso\/wp-json\/wp\/v2\/pages"}],"about":[{"href":"http:\/\/cedis.org.es\/curso\/wp-json\/wp\/v2\/types\/page"}],"author":[{"embeddable":true,"href":"http:\/\/cedis.org.es\/curso\/wp-json\/wp\/v2\/users\/1"}],"replies":[{"embeddable":true,"href":"http:\/\/cedis.org.es\/curso\/wp-json\/wp\/v2\/comments?post=5"}],"version-history":[{"count":110,"href":"http:\/\/cedis.org.es\/curso\/wp-json\/wp\/v2\/pages\/5\/revisions"}],"predecessor-version":[{"id":512,"href":"http:\/\/cedis.org.es\/curso\/wp-json\/wp\/v2\/pages\/5\/revisions\/512"}],"wp:attachment":[{"href":"http:\/\/cedis.org.es\/curso\/wp-json\/wp\/v2\/media?parent=5"}],"curies":[{"name":"wp","href":"https:\/\/api.w.org\/{rel}","templated":true}]}}